{"id":2721,"date":"2024-01-25T01:38:15","date_gmt":"2024-01-25T00:38:15","guid":{"rendered":"https:\/\/pepitesdemayla.fr\/?page_id=2721"},"modified":"2025-06-13T21:11:25","modified_gmt":"2025-06-13T19:11:25","slug":"accessoires","status":"publish","type":"page","link":"https:\/\/pepitesdemayla.fr\/?page_id=2721","title":{"rendered":"Accessoires"},"content":{"rendered":"\t\t<div data-elementor-type=\"wp-page\" data-elementor-id=\"2721\" class=\"elementor elementor-2721\">\n\t\t\t\t<div class=\"elementor-element elementor-element-0255c3e e-grid e-con-boxed wpr-particle-no wpr-jarallax-no wpr-parallax-no wpr-sticky-section-no wpr-equal-height-no e-con e-parent\" data-id=\"0255c3e\" data-element_type=\"container\" data-e-type=\"container\" data-settings=\"{&quot;_ha_eqh_enable&quot;:false}\">\n\t\t\t\t\t<div class=\"e-con-inner\">\n\t\t\t\t<div class=\"elementor-element elementor-element-e43871b elementor-widget elementor-widget-image\" data-id=\"e43871b\" data-element_type=\"widget\" data-e-type=\"widget\" data-widget_type=\"image.default\">\n\t\t\t\t<div class=\"elementor-widget-container\">\n\t\t\t\t\t\t\t\t\t\t\t\t\t\t\t<img fetchpriority=\"high\" decoding=\"async\" width=\"576\" height=\"1024\" src=\"https:\/\/pepitesdemayla.fr\/wp-content\/uploads\/2025\/04\/1000077805-1-576x1024.webp\" class=\"attachment-large size-large wp-image-3864\" alt=\"\" srcset=\"https:\/\/pepitesdemayla.fr\/wp-content\/uploads\/2025\/04\/1000077805-1-576x1024.webp 576w, https:\/\/pepitesdemayla.fr\/wp-content\/uploads\/2025\/04\/1000077805-1-169x300.webp 169w, https:\/\/pepitesdemayla.fr\/wp-content\/uploads\/2025\/04\/1000077805-1-768x1365.webp 768w, https:\/\/pepitesdemayla.fr\/wp-content\/uploads\/2025\/04\/1000077805-1-864x1536.webp 864w, https:\/\/pepitesdemayla.fr\/wp-content\/uploads\/2025\/04\/1000077805-1-600x1067.webp 600w, https:\/\/pepitesdemayla.fr\/wp-content\/uploads\/2025\/04\/1000077805-1.webp 1080w\" sizes=\"(max-width: 576px) 100vw, 576px\" \/>\t\t\t\t\t\t\t\t\t\t\t\t\t\t\t<\/div>\n\t\t\t\t<\/div>\n\t\t\t\t<div class=\"elementor-element elementor-element-b1185f0 elementor-widget elementor-widget-image\" data-id=\"b1185f0\" data-element_type=\"widget\" data-e-type=\"widget\" data-widget_type=\"image.default\">\n\t\t\t\t<div class=\"elementor-widget-container\">\n\t\t\t\t\t\t\t\t\t\t\t\t\t\t\t<img decoding=\"async\" width=\"576\" height=\"1024\" src=\"https:\/\/pepitesdemayla.fr\/wp-content\/uploads\/2025\/04\/1000077786-1-576x1024.webp\" class=\"attachment-large size-large wp-image-3880\" alt=\"\" srcset=\"https:\/\/pepitesdemayla.fr\/wp-content\/uploads\/2025\/04\/1000077786-1-576x1024.webp 576w, https:\/\/pepitesdemayla.fr\/wp-content\/uploads\/2025\/04\/1000077786-1-169x300.webp 169w, https:\/\/pepitesdemayla.fr\/wp-content\/uploads\/2025\/04\/1000077786-1-768x1365.webp 768w, https:\/\/pepitesdemayla.fr\/wp-content\/uploads\/2025\/04\/1000077786-1-864x1536.webp 864w, https:\/\/pepitesdemayla.fr\/wp-content\/uploads\/2025\/04\/1000077786-1-600x1067.webp 600w, https:\/\/pepitesdemayla.fr\/wp-content\/uploads\/2025\/04\/1000077786-1.webp 1080w\" sizes=\"(max-width: 576px) 100vw, 576px\" \/>\t\t\t\t\t\t\t\t\t\t\t\t\t\t\t<\/div>\n\t\t\t\t<\/div>\n\t\t\t\t\t<\/div>\n\t\t\t\t<\/div>\n\t\t<div class=\"elementor-element elementor-element-a0750f5 e-con-full e-flex wpr-particle-no wpr-jarallax-no wpr-parallax-no wpr-sticky-section-no wpr-equal-height-no e-con e-parent\" data-id=\"a0750f5\" data-element_type=\"container\" data-e-type=\"container\" data-settings=\"{&quot;_ha_eqh_enable&quot;:false}\">\n\t\t\t\t<div class=\"elementor-element elementor-element-a0eafed elementor-align-center elementor-widget elementor-widget-shopengine-product-list\" data-id=\"a0eafed\" data-element_type=\"widget\" data-e-type=\"widget\" data-settings=\"{&quot;show_product_hover_overlay&quot;:&quot;yes&quot;,&quot;product_hover_overlay_position&quot;:&quot;bottom&quot;}\" data-widget_type=\"shopengine-product-list.default\">\n\t\t\t\t<div class=\"elementor-widget-container\">\n\t\t\t\t\t<div class=\"shopengine shopengine-widget\">\n<div class=\"shopengine-product-list\">\n\n\t\n        <div class=\"product-list-grid\">\n\n\t\t\t\n\t\t\t\t\t<div class=\"shopengine-single-product-item\">\n\n\t\t\t\t\t\t<!-- product thumb -->\n\t\t\t\t\t\t<div class=\"product-thumb\">\n\n\t\t\t\t\t\t\t<!-- product thumb -->\n\t\t\t\t\t\t\t<a title=\"Voir tous les d\u00e9tails du produit\" href=\"https:\/\/pepitesdemayla.fr\/?product=sac-baby-kelly-beige-copie\">\n\t\t\t\t\t\t\t\t<img decoding=\"async\" width=\"1080\" height=\"1920\" src=\"https:\/\/pepitesdemayla.fr\/wp-content\/uploads\/2025\/01\/IMG_20250122_203144_310.webp\" class=\"attachment-3524 size-3524\" alt=\"SAC BABY KELLY CERISE\" srcset=\"https:\/\/pepitesdemayla.fr\/wp-content\/uploads\/2025\/01\/IMG_20250122_203144_310.webp 1080w, https:\/\/pepitesdemayla.fr\/wp-content\/uploads\/2025\/01\/IMG_20250122_203144_310-169x300.webp 169w, https:\/\/pepitesdemayla.fr\/wp-content\/uploads\/2025\/01\/IMG_20250122_203144_310-576x1024.webp 576w, https:\/\/pepitesdemayla.fr\/wp-content\/uploads\/2025\/01\/IMG_20250122_203144_310-768x1365.webp 768w, https:\/\/pepitesdemayla.fr\/wp-content\/uploads\/2025\/01\/IMG_20250122_203144_310-864x1536.webp 864w, https:\/\/pepitesdemayla.fr\/wp-content\/uploads\/2025\/01\/IMG_20250122_203144_310-600x1067.webp 600w\" sizes=\"(max-width: 1080px) 100vw, 1080px\" \/>\t\t\t\t\t\t\t<\/a>\n\n\t\t\t\t\t\t\t<!-- add to cart -->\n\t\t\t\t\t\t\t<div class=\"overlay-add-to-cart position-bottom\">\n\t\t\t\t\t\t\t\t<a data-pid=\"3524\" class=\"shopengine_add_to_list_action shopengine-wishlist badge se-btn inactive\" href=\"#\" ><i class=\"shopengine-icon-add_to_favourite_1\"><\/i><\/a><a title='Aper\u00e7u rapide' class='shopengine-quickview-trigger se-btn'\n\t\t\t\t\tdata-source-url='https:\/\/pepitesdemayla.fr\/?product=sac-baby-kelly-beige-copie'\n\t\t\t\t\thref='https:\/\/pepitesdemayla.fr\/?product=sac-baby-kelly-beige-copie'>\n\t\t\t\t\t<i class=\"shopengine-icon-quick_view_1\"><\/i>\n\t\t\t\t<\/a><a href=\"\/index.php?rest_route=%2Fwp%2Fv2%2Fpages%2F2721&#038;add-to-cart=3524\" aria-describedby=\"woocommerce_loop_add_to_cart_link_describedby_3524\" data-quantity=\"1\" class=\"button product_type_simple add_to_cart_button ajax_add_to_cart\" data-product_id=\"3524\" data-product_sku=\"\" aria-label=\"Ajouter au panier\u00a0: &ldquo;SAC BABY KELLY CERISE&rdquo;\" rel=\"nofollow\" data-success_message=\"\u00ab\u00a0SAC BABY KELLY CERISE\u00a0\u00bb a \u00e9t\u00e9 ajout\u00e9 \u00e0 votre panier\" role=\"button\">Ajouter au panier<\/a><a data-payload='{\"pid\":3524}' class=\"shopengine_comparison_add_to_list_action shopengine-comparison badge se-btn inactive\"> <i class=\"shopengine-icon-product_compare_1\"><\/i> <\/a>\t<span id=\"woocommerce_loop_add_to_cart_link_describedby_3524\" class=\"screen-reader-text\">\n\t\t\t<\/span>\n\t\t\t\t\t\t\t<\/div>\n\t\t\t\t\t\t\t<!-- tag and sale badge -->\n\t\t\t\t\t\t\t\t\t\t\t\t\t\t<div class=\"product-tag-sale-badge position-top-right align-horizontal\">\n\t\t\t\t\t\t\t\t<ul>\n\t\t\t\t\t\t\t\t\t<!-- percentage -->\n\t\t\t\t\t\t\t\t\t\t\t\t\t\t\t\t\t\t<!-- custom tags -->\n\t\t\t\t\t\t\t\t\t \n\t\t\t\t\t\t\t\t\t <!-- on sale -->\n\t\t\t\t\t\t\t\t\t \n\t\t\t\t\t\t\t\t\t<!-- out of stock -->\n\t\t\t\t\t\t\t\t\t \n\t\t\t\t\t\t\t\t<\/ul>\n\t\t\t\t\t\t\t<\/div>\n\t\t\t\t\t\t<\/div>\n\n                    <!-- product category -->\n\t\t\t\t\t\t\t\t\t\t\t\t\t\t\t\t\t\t<div class='product-category'>\n\t\t\t\t\t\t\t\t\t<ul>\n\t\t\t\t\t\t\t\t\t\t\t\t\t\t\t\t\t\t\t\t\t<li>\n\t\t\t\t\t\t\t\t\t\t\t\t<a title=\"Cat\u00e9gorie de produit\" href=\"https:\/\/pepitesdemayla.fr\/?product_cat=accessoires\">\n\t\t\t\t\t\t\t\t\t\t\t\t\tAccessoires\t\t\t\t\t\t\t\t\t\t\t\t<\/a>\n\t\t\t\t\t\t\t\t\t\t\t<\/li>\n\t\t\t\t\t\t\t\t\t                                <\/ul>\n                            <\/div>\n\t\t\t\t\t\t\n                    <!-- product title -->\n                    <h3 class='product-title'>\n                        <a title=\"Voir tous les d\u00e9tails du produit\" href=\"https:\/\/pepitesdemayla.fr\/?product=sac-baby-kelly-beige-copie\">\n\t\t\t\t\t\t\tSAC BABY KELLY CERISE                        <\/a>\n                    <\/h3>\n\n                    <!-- product rating -->\n                    <div class=\"product-rating\">\n\t\t\t\t\t\t<div class=\"star-rating\"><span style=\"width:0%\">Note <strong class=\"rating\">0<\/strong> sur 5<\/span><\/div><span class=\"rating-count\">(0)<\/span>                    <\/div>\n\n                    <!-- product price -->\n                    <div class=\"product-price\">\n\t\t\t\t\t\t<p class=\"price\"><span class=\"woocommerce-Price-amount amount\"><bdi>39.99<span class=\"woocommerce-Price-currencySymbol\">&euro;<\/span><\/bdi><\/span><\/p>\n                    <\/div>\n\t\t\t\t                    <\/div> <!-- end item -->\n\n\t\t\t\n        <\/div>\n\n\t\n<\/div>\n<\/div>\t\t\t\t<\/div>\n\t\t\t\t<\/div>\n\t\t\t\t<\/div>\n\t\t<div class=\"elementor-element elementor-element-8057470 e-flex e-con-boxed wpr-particle-no wpr-jarallax-no wpr-parallax-no wpr-sticky-section-no wpr-equal-height-no e-con e-parent\" data-id=\"8057470\" data-element_type=\"container\" data-e-type=\"container\" data-settings=\"{&quot;_ha_eqh_enable&quot;:false}\">\n\t\t\t\t\t<div class=\"e-con-inner\">\n\t\t\t\t\t<\/div>\n\t\t\t\t<\/div>\n\t\t<div class=\"elementor-element elementor-element-9704741 e-flex e-con-boxed wpr-particle-no wpr-jarallax-no wpr-parallax-no wpr-sticky-section-no wpr-equal-height-no e-con e-parent\" data-id=\"9704741\" data-element_type=\"container\" data-e-type=\"container\" data-settings=\"{&quot;_ha_eqh_enable&quot;:false}\">\n\t\t\t\t\t<div class=\"e-con-inner\">\n\t\t\t\t\t<\/div>\n\t\t\t\t<\/div>\n\t\t<div class=\"elementor-element elementor-element-076e75f e-flex e-con-boxed wpr-particle-no wpr-jarallax-no wpr-parallax-no wpr-sticky-section-no wpr-equal-height-no e-con e-parent\" data-id=\"076e75f\" data-element_type=\"container\" data-e-type=\"container\" data-settings=\"{&quot;_ha_eqh_enable&quot;:false}\">\n\t\t\t\t\t<div class=\"e-con-inner\">\n\t\t\t\t\t<\/div>\n\t\t\t\t<\/div>\n\t\t<div class=\"elementor-element elementor-element-3531757 e-flex e-con-boxed wpr-particle-no wpr-jarallax-no wpr-parallax-no wpr-sticky-section-no wpr-equal-height-no e-con e-parent\" data-id=\"3531757\" data-element_type=\"container\" data-e-type=\"container\" data-settings=\"{&quot;_ha_eqh_enable&quot;:false}\">\n\t\t\t\t\t<div class=\"e-con-inner\">\n\t\t\t\t\t<\/div>\n\t\t\t\t<\/div>\n\t\t<div class=\"elementor-element elementor-element-4076e3d e-flex e-con-boxed wpr-particle-no wpr-jarallax-no wpr-parallax-no wpr-sticky-section-no wpr-equal-height-no e-con e-parent\" data-id=\"4076e3d\" data-element_type=\"container\" data-e-type=\"container\" data-settings=\"{&quot;_ha_eqh_enable&quot;:false}\">\n\t\t\t\t\t<div class=\"e-con-inner\">\n\t\t\t\t<div class=\"elementor-element elementor-element-dda1fbd elementor-widget elementor-widget-image\" data-id=\"dda1fbd\" data-element_type=\"widget\" data-e-type=\"widget\" data-widget_type=\"image.default\">\n\t\t\t\t<div class=\"elementor-widget-container\">\n\t\t\t\t\t\t\t\t\t\t\t\t\t\t\t<img decoding=\"async\" src=\"https:\/\/pepitesdemayla.fr\/wp-content\/plugins\/elementor\/assets\/images\/placeholder.png\" title=\"\" alt=\"\" loading=\"lazy\" \/>\t\t\t\t\t\t\t\t\t\t\t\t\t\t\t<\/div>\n\t\t\t\t<\/div>\n\t\t\t\t\t<\/div>\n\t\t\t\t<\/div>\n\t\t\t\t<\/div>\n\t\t","protected":false},"excerpt":{"rendered":"<p>Ajouter au panier Accessoires SAC BABY KELLY EBENE Note 0 sur 5(0) 39.99&euro; Ajouter au panier Accessoires SAC BABY KELLY CERISE Note 0 sur 5(0) 39.99&euro; Ajouter au panier Accessoires SAC BABY KELLY BEIGE Note 0 sur 5(0) 39.99&euro;<\/p>\n","protected":false},"author":1,"featured_media":0,"parent":0,"menu_order":0,"comment_status":"closed","ping_status":"closed","template":"elementor_header_footer","meta":{"footnotes":""},"class_list":["post-2721","page","type-page","status-publish","hentry"],"yoast_head":"<!-- This site is optimized with the Yoast SEO plugin v21.9 - https:\/\/yoast.com\/wordpress\/plugins\/seo\/ -->\n<title>Accessoires - pepitesdemayla.fr<\/title>\n<meta name=\"robots\" content=\"index, follow, max-snippet:-1, max-image-preview:large, max-video-preview:-1\" \/>\n<link rel=\"canonical\" href=\"https:\/\/pepitesdemayla.fr\/?page_id=2721\" \/>\n<meta property=\"og:locale\" content=\"fr_FR\" \/>\n<meta property=\"og:type\" content=\"article\" \/>\n<meta property=\"og:title\" content=\"Accessoires - pepitesdemayla.fr\" \/>\n<meta property=\"og:description\" content=\"Ajouter au panier Accessoires SAC BABY KELLY EBENE Note 0 sur 5(0) 39.99&euro; Ajouter au panier Accessoires SAC BABY KELLY CERISE Note 0 sur 5(0) 39.99&euro; Ajouter au panier Accessoires SAC BABY KELLY BEIGE Note 0 sur 5(0) 39.99&euro;\" \/>\n<meta property=\"og:url\" content=\"https:\/\/pepitesdemayla.fr\/?page_id=2721\" \/>\n<meta property=\"og:site_name\" content=\"pepitesdemayla.fr\" \/>\n<meta property=\"article:modified_time\" content=\"2025-06-13T19:11:25+00:00\" \/>\n<meta property=\"og:image\" content=\"http:\/\/pepitesdemayla.fr\/wp-content\/uploads\/2025\/04\/1000077805-1-576x1024.webp\" \/>\n<meta name=\"twitter:card\" content=\"summary_large_image\" \/>\n<meta name=\"twitter:label1\" content=\"Dur\u00e9e de lecture estim\u00e9e\" \/>\n\t<meta name=\"twitter:data1\" content=\"2 minutes\" \/>\n<script type=\"application\/ld+json\" class=\"yoast-schema-graph\">{\"@context\":\"https:\/\/schema.org\",\"@graph\":[{\"@type\":\"WebPage\",\"@id\":\"https:\/\/pepitesdemayla.fr\/?page_id=2721\",\"url\":\"https:\/\/pepitesdemayla.fr\/?page_id=2721\",\"name\":\"Accessoires - pepitesdemayla.fr\",\"isPartOf\":{\"@id\":\"https:\/\/pepitesdemayla.fr\/#website\"},\"datePublished\":\"2024-01-25T00:38:15+00:00\",\"dateModified\":\"2025-06-13T19:11:25+00:00\",\"breadcrumb\":{\"@id\":\"https:\/\/pepitesdemayla.fr\/?page_id=2721#breadcrumb\"},\"inLanguage\":\"fr-FR\",\"potentialAction\":[{\"@type\":\"ReadAction\",\"target\":[\"https:\/\/pepitesdemayla.fr\/?page_id=2721\"]}]},{\"@type\":\"BreadcrumbList\",\"@id\":\"https:\/\/pepitesdemayla.fr\/?page_id=2721#breadcrumb\",\"itemListElement\":[{\"@type\":\"ListItem\",\"position\":1,\"name\":\"Accueil\",\"item\":\"https:\/\/pepitesdemayla.fr\/\"},{\"@type\":\"ListItem\",\"position\":2,\"name\":\"Accessoires\"}]},{\"@type\":\"WebSite\",\"@id\":\"https:\/\/pepitesdemayla.fr\/#website\",\"url\":\"https:\/\/pepitesdemayla.fr\/\",\"name\":\"pepitesdemayla.fr\",\"description\":\"\",\"publisher\":{\"@id\":\"https:\/\/pepitesdemayla.fr\/#organization\"},\"potentialAction\":[{\"@type\":\"SearchAction\",\"target\":{\"@type\":\"EntryPoint\",\"urlTemplate\":\"https:\/\/pepitesdemayla.fr\/?s={search_term_string}\"},\"query-input\":\"required name=search_term_string\"}],\"inLanguage\":\"fr-FR\"},{\"@type\":\"Organization\",\"@id\":\"https:\/\/pepitesdemayla.fr\/#organization\",\"name\":\"pepitesdemayla.fr\",\"url\":\"https:\/\/pepitesdemayla.fr\/\",\"logo\":{\"@type\":\"ImageObject\",\"inLanguage\":\"fr-FR\",\"@id\":\"https:\/\/pepitesdemayla.fr\/#\/schema\/logo\/image\/\",\"url\":\"https:\/\/pepitesdemayla.fr\/wp-content\/uploads\/2022\/06\/logo-pepites-de-mayla-remove-sans-fond.png\",\"contentUrl\":\"https:\/\/pepitesdemayla.fr\/wp-content\/uploads\/2022\/06\/logo-pepites-de-mayla-remove-sans-fond.png\",\"width\":500,\"height\":500,\"caption\":\"pepitesdemayla.fr\"},\"image\":{\"@id\":\"https:\/\/pepitesdemayla.fr\/#\/schema\/logo\/image\/\"}}]}<\/script>\n<!-- \/ Yoast SEO plugin. -->","yoast_head_json":{"title":"Accessoires - pepitesdemayla.fr","robots":{"index":"index","follow":"follow","max-snippet":"max-snippet:-1","max-image-preview":"max-image-preview:large","max-video-preview":"max-video-preview:-1"},"canonical":"https:\/\/pepitesdemayla.fr\/?page_id=2721","og_locale":"fr_FR","og_type":"article","og_title":"Accessoires - pepitesdemayla.fr","og_description":"Ajouter au panier Accessoires SAC BABY KELLY EBENE Note 0 sur 5(0) 39.99&euro; Ajouter au panier Accessoires SAC BABY KELLY CERISE Note 0 sur 5(0) 39.99&euro; Ajouter au panier Accessoires SAC BABY KELLY BEIGE Note 0 sur 5(0) 39.99&euro;","og_url":"https:\/\/pepitesdemayla.fr\/?page_id=2721","og_site_name":"pepitesdemayla.fr","article_modified_time":"2025-06-13T19:11:25+00:00","og_image":[{"url":"http:\/\/pepitesdemayla.fr\/wp-content\/uploads\/2025\/04\/1000077805-1-576x1024.webp"}],"twitter_card":"summary_large_image","twitter_misc":{"Dur\u00e9e de lecture estim\u00e9e":"2 minutes"},"schema":{"@context":"https:\/\/schema.org","@graph":[{"@type":"WebPage","@id":"https:\/\/pepitesdemayla.fr\/?page_id=2721","url":"https:\/\/pepitesdemayla.fr\/?page_id=2721","name":"Accessoires - pepitesdemayla.fr","isPartOf":{"@id":"https:\/\/pepitesdemayla.fr\/#website"},"datePublished":"2024-01-25T00:38:15+00:00","dateModified":"2025-06-13T19:11:25+00:00","breadcrumb":{"@id":"https:\/\/pepitesdemayla.fr\/?page_id=2721#breadcrumb"},"inLanguage":"fr-FR","potentialAction":[{"@type":"ReadAction","target":["https:\/\/pepitesdemayla.fr\/?page_id=2721"]}]},{"@type":"BreadcrumbList","@id":"https:\/\/pepitesdemayla.fr\/?page_id=2721#breadcrumb","itemListElement":[{"@type":"ListItem","position":1,"name":"Accueil","item":"https:\/\/pepitesdemayla.fr\/"},{"@type":"ListItem","position":2,"name":"Accessoires"}]},{"@type":"WebSite","@id":"https:\/\/pepitesdemayla.fr\/#website","url":"https:\/\/pepitesdemayla.fr\/","name":"pepitesdemayla.fr","description":"","publisher":{"@id":"https:\/\/pepitesdemayla.fr\/#organization"},"potentialAction":[{"@type":"SearchAction","target":{"@type":"EntryPoint","urlTemplate":"https:\/\/pepitesdemayla.fr\/?s={search_term_string}"},"query-input":"required name=search_term_string"}],"inLanguage":"fr-FR"},{"@type":"Organization","@id":"https:\/\/pepitesdemayla.fr\/#organization","name":"pepitesdemayla.fr","url":"https:\/\/pepitesdemayla.fr\/","logo":{"@type":"ImageObject","inLanguage":"fr-FR","@id":"https:\/\/pepitesdemayla.fr\/#\/schema\/logo\/image\/","url":"https:\/\/pepitesdemayla.fr\/wp-content\/uploads\/2022\/06\/logo-pepites-de-mayla-remove-sans-fond.png","contentUrl":"https:\/\/pepitesdemayla.fr\/wp-content\/uploads\/2022\/06\/logo-pepites-de-mayla-remove-sans-fond.png","width":500,"height":500,"caption":"pepitesdemayla.fr"},"image":{"@id":"https:\/\/pepitesdemayla.fr\/#\/schema\/logo\/image\/"}}]}},"_links":{"self":[{"href":"https:\/\/pepitesdemayla.fr\/index.php?rest_route=\/wp\/v2\/pages\/2721","targetHints":{"allow":["GET"]}}],"collection":[{"href":"https:\/\/pepitesdemayla.fr\/index.php?rest_route=\/wp\/v2\/pages"}],"about":[{"href":"https:\/\/pepitesdemayla.fr\/index.php?rest_route=\/wp\/v2\/types\/page"}],"author":[{"embeddable":true,"href":"https:\/\/pepitesdemayla.fr\/index.php?rest_route=\/wp\/v2\/users\/1"}],"replies":[{"embeddable":true,"href":"https:\/\/pepitesdemayla.fr\/index.php?rest_route=%2Fwp%2Fv2%2Fcomments&post=2721"}],"version-history":[{"count":16,"href":"https:\/\/pepitesdemayla.fr\/index.php?rest_route=\/wp\/v2\/pages\/2721\/revisions"}],"predecessor-version":[{"id":4151,"href":"https:\/\/pepitesdemayla.fr\/index.php?rest_route=\/wp\/v2\/pages\/2721\/revisions\/4151"}],"wp:attachment":[{"href":"https:\/\/pepitesdemayla.fr\/index.php?rest_route=%2Fwp%2Fv2%2Fmedia&parent=2721"}],"curies":[{"name":"wp","href":"https:\/\/api.w.org\/{rel}","templated":true}]}}