{"id":2851,"date":"2024-01-25T02:56:32","date_gmt":"2024-01-25T01:56:32","guid":{"rendered":"https:\/\/pepitesdemayla.fr\/?page_id=2851"},"modified":"2024-01-25T03:00:23","modified_gmt":"2024-01-25T02:00:23","slug":"mentions-legales","status":"publish","type":"page","link":"https:\/\/pepitesdemayla.fr\/?page_id=2851","title":{"rendered":"Mentions l\u00e9gales"},"content":{"rendered":"\t\t<div data-elementor-type=\"wp-page\" data-elementor-id=\"2851\" class=\"elementor elementor-2851\">\n\t\t\t\t<div class=\"elementor-element elementor-element-3ef3c8d e-flex e-con-boxed wpr-particle-no wpr-jarallax-no wpr-parallax-no wpr-sticky-section-no wpr-equal-height-no e-con e-parent\" data-id=\"3ef3c8d\" data-element_type=\"container\" data-e-type=\"container\" data-settings=\"{&quot;_ha_eqh_enable&quot;:false}\">\n\t\t\t\t\t<div class=\"e-con-inner\">\n\t\t\t\t<div class=\"elementor-element elementor-element-be1c033 elementor-widget elementor-widget-text-editor\" data-id=\"be1c033\" data-element_type=\"widget\" data-e-type=\"widget\" data-widget_type=\"text-editor.default\">\n\t\t\t\t<div class=\"elementor-widget-container\">\n\t\t\t\t\t\t\t\t\t<p><strong>Mentions L\u00e9gales &#8211; PepitesdeMayla.fr<\/strong><\/p><p><strong>\u00c9diteur du Site :<\/strong><\/p><p>Nom de l&#8217;entreprise : P\u00e9pites de Mayla\u00a0<\/p><p>Adresse e-mail : <span style=\"font-weight: 400;\">pepitesdemayla@gmail.com<\/span><\/p><p><strong>Directeur de la Publication :<\/strong><\/p><p>Nom du Directeur de la Publication : P\u00e9pites de Mayla<\/p><p><strong>H\u00e9bergeur du Site :<\/strong><\/p><p>Nom de l&#8217;h\u00e9bergeur : Hostinger<\/p><p><strong>Propri\u00e9t\u00e9 Intellectuelle :<\/strong><\/p><p>Le contenu du site PepitesdeMayla.fr (textes, images, vid\u00e9os, etc.) est la propri\u00e9t\u00e9 exclusive de Pepites de Mayla. Toute reproduction, m\u00eame partielle, sans autorisation pr\u00e9alable est strictement interdite.<\/p><p><strong>Protection des Donn\u00e9es Personnelles :<\/strong><\/p><p>Conform\u00e9ment \u00e0 la r\u00e9glementation sur la protection des donn\u00e9es (RGPD), les informations collect\u00e9es sur le site sont trait\u00e9es de mani\u00e8re confidentielle. Pour en savoir plus, veuillez consulter notre politique de confidentialit\u00e9.<\/p><p><strong>Cookies :<\/strong><\/p><p>Le site utilise des cookies pour am\u00e9liorer l&#8217;exp\u00e9rience utilisateur. En continuant \u00e0 naviguer sur le site, vous acceptez l&#8217;utilisation de cookies. Pour plus d&#8217;informations, veuillez consulter notre politique relative aux cookies.<\/p><p><strong>Droit Applicable et Litiges :<\/strong><\/p><p>Les pr\u00e9sentes mentions l\u00e9gales sont r\u00e9gies par le droit fran\u00e7ais. En cas de litige, les tribunaux fran\u00e7ais seront comp\u00e9tents.<\/p><p><strong>Date de Derni\u00e8re Mise \u00e0 Jour :<\/strong><\/p><p>Les pr\u00e9sentes mentions l\u00e9gales ont \u00e9t\u00e9 mises \u00e0 jour le 25 janvier 2024.<\/p>\t\t\t\t\t\t\t\t<\/div>\n\t\t\t\t<\/div>\n\t\t\t\t\t<\/div>\n\t\t\t\t<\/div>\n\t\t\t\t<\/div>\n\t\t","protected":false},"excerpt":{"rendered":"<p>Mentions L\u00e9gales &#8211; PepitesdeMayla.fr \u00c9diteur du Site : Nom de l&#8217;entreprise : P\u00e9pites de Mayla\u00a0 Adresse e-mail : pepitesdemayla@gmail.com Directeur de la Publication : Nom du Directeur de la Publication : P\u00e9pites de Mayla H\u00e9bergeur du Site : Nom de l&#8217;h\u00e9bergeur : Hostinger Propri\u00e9t\u00e9 Intellectuelle : Le contenu du site PepitesdeMayla.fr (textes, images, vid\u00e9os, etc.) est la propri\u00e9t\u00e9 exclusive de Pepites de Mayla. Toute reproduction, m\u00eame partielle, sans autorisation pr\u00e9alable est strictement interdite. Protection des Donn\u00e9es Personnelles : Conform\u00e9ment \u00e0 la r\u00e9glementation sur la protection des donn\u00e9es (RGPD), les informations collect\u00e9es sur le site sont trait\u00e9es de mani\u00e8re confidentielle. Pour en savoir plus, veuillez consulter notre politique de confidentialit\u00e9. Cookies : Le site utilise des cookies pour am\u00e9liorer l&#8217;exp\u00e9rience utilisateur. En continuant \u00e0 naviguer sur le site, vous acceptez l&#8217;utilisation de cookies. Pour plus d&#8217;informations, veuillez consulter notre politique relative aux cookies. Droit Applicable et Litiges : Les pr\u00e9sentes mentions l\u00e9gales sont r\u00e9gies par le droit fran\u00e7ais. En cas de litige, les tribunaux fran\u00e7ais seront comp\u00e9tents. Date de Derni\u00e8re Mise \u00e0 Jour : Les pr\u00e9sentes mentions l\u00e9gales ont \u00e9t\u00e9 mises \u00e0 jour le 25 janvier 2024.<\/p>\n","protected":false},"author":1,"featured_media":0,"parent":0,"menu_order":0,"comment_status":"closed","ping_status":"closed","template":"elementor_header_footer","meta":{"footnotes":""},"class_list":["post-2851","page","type-page","status-publish","hentry"],"yoast_head":"<!-- This site is optimized with the Yoast SEO plugin v21.9 - https:\/\/yoast.com\/wordpress\/plugins\/seo\/ -->\n<title>Mentions l\u00e9gales - pepitesdemayla.fr<\/title>\n<meta name=\"robots\" content=\"index, follow, max-snippet:-1, max-image-preview:large, max-video-preview:-1\" \/>\n<link rel=\"canonical\" href=\"https:\/\/pepitesdemayla.fr\/?page_id=2851\" \/>\n<meta property=\"og:locale\" content=\"fr_FR\" \/>\n<meta property=\"og:type\" content=\"article\" \/>\n<meta property=\"og:title\" content=\"Mentions l\u00e9gales - pepitesdemayla.fr\" \/>\n<meta property=\"og:description\" content=\"Mentions L\u00e9gales &#8211; PepitesdeMayla.fr \u00c9diteur du Site : Nom de l&#8217;entreprise : P\u00e9pites de Mayla\u00a0 Adresse e-mail : pepitesdemayla@gmail.com Directeur de la Publication : Nom du Directeur de la Publication : P\u00e9pites de Mayla H\u00e9bergeur du Site : Nom de l&#8217;h\u00e9bergeur : Hostinger Propri\u00e9t\u00e9 Intellectuelle : Le contenu du site PepitesdeMayla.fr (textes, images, vid\u00e9os, etc.) est la propri\u00e9t\u00e9 exclusive de Pepites de Mayla. Toute reproduction, m\u00eame partielle, sans autorisation pr\u00e9alable est strictement interdite. Protection des Donn\u00e9es Personnelles : Conform\u00e9ment \u00e0 la r\u00e9glementation sur la protection des donn\u00e9es (RGPD), les informations collect\u00e9es sur le site sont trait\u00e9es de mani\u00e8re confidentielle. Pour en savoir plus, veuillez consulter notre politique de confidentialit\u00e9. Cookies : Le site utilise des cookies pour am\u00e9liorer l&#8217;exp\u00e9rience utilisateur. En continuant \u00e0 naviguer sur le site, vous acceptez l&#8217;utilisation de cookies. Pour plus d&#8217;informations, veuillez consulter notre politique relative aux cookies. Droit Applicable et Litiges : Les pr\u00e9sentes mentions l\u00e9gales sont r\u00e9gies par le droit fran\u00e7ais. En cas de litige, les tribunaux fran\u00e7ais seront comp\u00e9tents. Date de Derni\u00e8re Mise \u00e0 Jour : Les pr\u00e9sentes mentions l\u00e9gales ont \u00e9t\u00e9 mises \u00e0 jour le 25 janvier 2024.\" \/>\n<meta property=\"og:url\" content=\"https:\/\/pepitesdemayla.fr\/?page_id=2851\" \/>\n<meta property=\"og:site_name\" content=\"pepitesdemayla.fr\" \/>\n<meta property=\"article:modified_time\" content=\"2024-01-25T02:00:23+00:00\" \/>\n<meta name=\"twitter:card\" content=\"summary_large_image\" \/>\n<meta name=\"twitter:label1\" content=\"Dur\u00e9e de lecture estim\u00e9e\" \/>\n\t<meta name=\"twitter:data1\" content=\"1 minute\" \/>\n<script type=\"application\/ld+json\" class=\"yoast-schema-graph\">{\"@context\":\"https:\/\/schema.org\",\"@graph\":[{\"@type\":\"WebPage\",\"@id\":\"https:\/\/pepitesdemayla.fr\/?page_id=2851\",\"url\":\"https:\/\/pepitesdemayla.fr\/?page_id=2851\",\"name\":\"Mentions l\u00e9gales - pepitesdemayla.fr\",\"isPartOf\":{\"@id\":\"https:\/\/pepitesdemayla.fr\/#website\"},\"datePublished\":\"2024-01-25T01:56:32+00:00\",\"dateModified\":\"2024-01-25T02:00:23+00:00\",\"breadcrumb\":{\"@id\":\"https:\/\/pepitesdemayla.fr\/?page_id=2851#breadcrumb\"},\"inLanguage\":\"fr-FR\",\"potentialAction\":[{\"@type\":\"ReadAction\",\"target\":[\"https:\/\/pepitesdemayla.fr\/?page_id=2851\"]}]},{\"@type\":\"BreadcrumbList\",\"@id\":\"https:\/\/pepitesdemayla.fr\/?page_id=2851#breadcrumb\",\"itemListElement\":[{\"@type\":\"ListItem\",\"position\":1,\"name\":\"Accueil\",\"item\":\"https:\/\/pepitesdemayla.fr\/\"},{\"@type\":\"ListItem\",\"position\":2,\"name\":\"Mentions l\u00e9gales\"}]},{\"@type\":\"WebSite\",\"@id\":\"https:\/\/pepitesdemayla.fr\/#website\",\"url\":\"https:\/\/pepitesdemayla.fr\/\",\"name\":\"pepitesdemayla.fr\",\"description\":\"\",\"publisher\":{\"@id\":\"https:\/\/pepitesdemayla.fr\/#organization\"},\"potentialAction\":[{\"@type\":\"SearchAction\",\"target\":{\"@type\":\"EntryPoint\",\"urlTemplate\":\"https:\/\/pepitesdemayla.fr\/?s={search_term_string}\"},\"query-input\":\"required name=search_term_string\"}],\"inLanguage\":\"fr-FR\"},{\"@type\":\"Organization\",\"@id\":\"https:\/\/pepitesdemayla.fr\/#organization\",\"name\":\"pepitesdemayla.fr\",\"url\":\"https:\/\/pepitesdemayla.fr\/\",\"logo\":{\"@type\":\"ImageObject\",\"inLanguage\":\"fr-FR\",\"@id\":\"https:\/\/pepitesdemayla.fr\/#\/schema\/logo\/image\/\",\"url\":\"https:\/\/pepitesdemayla.fr\/wp-content\/uploads\/2022\/06\/logo-pepites-de-mayla-remove-sans-fond.png\",\"contentUrl\":\"https:\/\/pepitesdemayla.fr\/wp-content\/uploads\/2022\/06\/logo-pepites-de-mayla-remove-sans-fond.png\",\"width\":500,\"height\":500,\"caption\":\"pepitesdemayla.fr\"},\"image\":{\"@id\":\"https:\/\/pepitesdemayla.fr\/#\/schema\/logo\/image\/\"}}]}<\/script>\n<!-- \/ Yoast SEO plugin. -->","yoast_head_json":{"title":"Mentions l\u00e9gales - pepitesdemayla.fr","robots":{"index":"index","follow":"follow","max-snippet":"max-snippet:-1","max-image-preview":"max-image-preview:large","max-video-preview":"max-video-preview:-1"},"canonical":"https:\/\/pepitesdemayla.fr\/?page_id=2851","og_locale":"fr_FR","og_type":"article","og_title":"Mentions l\u00e9gales - pepitesdemayla.fr","og_description":"Mentions L\u00e9gales &#8211; PepitesdeMayla.fr \u00c9diteur du Site : Nom de l&#8217;entreprise : P\u00e9pites de Mayla\u00a0 Adresse e-mail : pepitesdemayla@gmail.com Directeur de la Publication : Nom du Directeur de la Publication : P\u00e9pites de Mayla H\u00e9bergeur du Site : Nom de l&#8217;h\u00e9bergeur : Hostinger Propri\u00e9t\u00e9 Intellectuelle : Le contenu du site PepitesdeMayla.fr (textes, images, vid\u00e9os, etc.) est la propri\u00e9t\u00e9 exclusive de Pepites de Mayla. Toute reproduction, m\u00eame partielle, sans autorisation pr\u00e9alable est strictement interdite. Protection des Donn\u00e9es Personnelles : Conform\u00e9ment \u00e0 la r\u00e9glementation sur la protection des donn\u00e9es (RGPD), les informations collect\u00e9es sur le site sont trait\u00e9es de mani\u00e8re confidentielle. Pour en savoir plus, veuillez consulter notre politique de confidentialit\u00e9. Cookies : Le site utilise des cookies pour am\u00e9liorer l&#8217;exp\u00e9rience utilisateur. En continuant \u00e0 naviguer sur le site, vous acceptez l&#8217;utilisation de cookies. Pour plus d&#8217;informations, veuillez consulter notre politique relative aux cookies. Droit Applicable et Litiges : Les pr\u00e9sentes mentions l\u00e9gales sont r\u00e9gies par le droit fran\u00e7ais. En cas de litige, les tribunaux fran\u00e7ais seront comp\u00e9tents. Date de Derni\u00e8re Mise \u00e0 Jour : Les pr\u00e9sentes mentions l\u00e9gales ont \u00e9t\u00e9 mises \u00e0 jour le 25 janvier 2024.","og_url":"https:\/\/pepitesdemayla.fr\/?page_id=2851","og_site_name":"pepitesdemayla.fr","article_modified_time":"2024-01-25T02:00:23+00:00","twitter_card":"summary_large_image","twitter_misc":{"Dur\u00e9e de lecture estim\u00e9e":"1 minute"},"schema":{"@context":"https:\/\/schema.org","@graph":[{"@type":"WebPage","@id":"https:\/\/pepitesdemayla.fr\/?page_id=2851","url":"https:\/\/pepitesdemayla.fr\/?page_id=2851","name":"Mentions l\u00e9gales - pepitesdemayla.fr","isPartOf":{"@id":"https:\/\/pepitesdemayla.fr\/#website"},"datePublished":"2024-01-25T01:56:32+00:00","dateModified":"2024-01-25T02:00:23+00:00","breadcrumb":{"@id":"https:\/\/pepitesdemayla.fr\/?page_id=2851#breadcrumb"},"inLanguage":"fr-FR","potentialAction":[{"@type":"ReadAction","target":["https:\/\/pepitesdemayla.fr\/?page_id=2851"]}]},{"@type":"BreadcrumbList","@id":"https:\/\/pepitesdemayla.fr\/?page_id=2851#breadcrumb","itemListElement":[{"@type":"ListItem","position":1,"name":"Accueil","item":"https:\/\/pepitesdemayla.fr\/"},{"@type":"ListItem","position":2,"name":"Mentions l\u00e9gales"}]},{"@type":"WebSite","@id":"https:\/\/pepitesdemayla.fr\/#website","url":"https:\/\/pepitesdemayla.fr\/","name":"pepitesdemayla.fr","description":"","publisher":{"@id":"https:\/\/pepitesdemayla.fr\/#organization"},"potentialAction":[{"@type":"SearchAction","target":{"@type":"EntryPoint","urlTemplate":"https:\/\/pepitesdemayla.fr\/?s={search_term_string}"},"query-input":"required name=search_term_string"}],"inLanguage":"fr-FR"},{"@type":"Organization","@id":"https:\/\/pepitesdemayla.fr\/#organization","name":"pepitesdemayla.fr","url":"https:\/\/pepitesdemayla.fr\/","logo":{"@type":"ImageObject","inLanguage":"fr-FR","@id":"https:\/\/pepitesdemayla.fr\/#\/schema\/logo\/image\/","url":"https:\/\/pepitesdemayla.fr\/wp-content\/uploads\/2022\/06\/logo-pepites-de-mayla-remove-sans-fond.png","contentUrl":"https:\/\/pepitesdemayla.fr\/wp-content\/uploads\/2022\/06\/logo-pepites-de-mayla-remove-sans-fond.png","width":500,"height":500,"caption":"pepitesdemayla.fr"},"image":{"@id":"https:\/\/pepitesdemayla.fr\/#\/schema\/logo\/image\/"}}]}},"_links":{"self":[{"href":"https:\/\/pepitesdemayla.fr\/index.php?rest_route=\/wp\/v2\/pages\/2851","targetHints":{"allow":["GET"]}}],"collection":[{"href":"https:\/\/pepitesdemayla.fr\/index.php?rest_route=\/wp\/v2\/pages"}],"about":[{"href":"https:\/\/pepitesdemayla.fr\/index.php?rest_route=\/wp\/v2\/types\/page"}],"author":[{"embeddable":true,"href":"https:\/\/pepitesdemayla.fr\/index.php?rest_route=\/wp\/v2\/users\/1"}],"replies":[{"embeddable":true,"href":"https:\/\/pepitesdemayla.fr\/index.php?rest_route=%2Fwp%2Fv2%2Fcomments&post=2851"}],"version-history":[{"count":7,"href":"https:\/\/pepitesdemayla.fr\/index.php?rest_route=\/wp\/v2\/pages\/2851\/revisions"}],"predecessor-version":[{"id":2858,"href":"https:\/\/pepitesdemayla.fr\/index.php?rest_route=\/wp\/v2\/pages\/2851\/revisions\/2858"}],"wp:attachment":[{"href":"https:\/\/pepitesdemayla.fr\/index.php?rest_route=%2Fwp%2Fv2%2Fmedia&parent=2851"}],"curies":[{"name":"wp","href":"https:\/\/api.w.org\/{rel}","templated":true}]}}