{"id":2916,"date":"2024-03-11T15:22:53","date_gmt":"2024-03-11T14:22:53","guid":{"rendered":"https:\/\/pepitesdemayla.fr\/?post_type=product&#038;p=2916"},"modified":"2024-08-13T23:28:43","modified_gmt":"2024-08-13T21:28:43","slug":"robe-broderie-anglaise-blanche","status":"publish","type":"product","link":"https:\/\/pepitesdemayla.fr\/?product=robe-broderie-anglaise-blanche","title":{"rendered":"Robe broderie anglaise blanche"},"content":{"rendered":"<div dir=\"auto\"><span style=\"vertical-align: inherit;\"><span style=\"vertical-align: inherit;\">Robe broderie anglaise, doublure int\u00e9rieure<\/span><\/span><\/div>\n<div dir=\"auto\"><span style=\"vertical-align: inherit;\"><span style=\"vertical-align: inherit;\">Taille unique, convient du XS au XL<\/span><\/span><\/div>\n<div dir=\"auto\"><span style=\"vertical-align: inherit;\"><span style=\"vertical-align: inherit;\">3 coloris diff\u00e9rents, blanche, noire et kaki<\/span><\/span><\/div>\n<div dir=\"auto\"><span style=\"vertical-align: inherit;\"><span style=\"vertical-align: inherit;\">100% coton et fabrication italienne<\/span><\/span><\/div>\n<div dir=\"auto\"><span style=\"vertical-align: inherit;\"><span style=\"vertical-align: inherit;\">Le mod\u00e8le mesure 1,60m<\/span><\/span><\/div>\n<div dir=\"auto\"><span style=\"vertical-align: inherit;\"><span style=\"vertical-align: inherit;\">Prix: 38,99 \u20ac<\/span><\/span><\/div>\n","protected":false},"excerpt":{"rendered":"<div dir=\"auto\"><span style=\"vertical-align: inherit;\"><span style=\"vertical-align: inherit;\">Robe broderie anglaise, doublure int\u00e9rieure<\/span><\/span><\/div>\n<div dir=\"auto\"><span style=\"vertical-align: inherit;\"><span style=\"vertical-align: inherit;\">Taille unique, convient du XS au XL<\/span><\/span><\/div>\n<div dir=\"auto\"><span style=\"vertical-align: inherit;\"><span style=\"vertical-align: inherit;\">3 coloris diff\u00e9rents, blanche, noire et kaki<\/span><\/span><\/div>\n<div dir=\"auto\"><span style=\"vertical-align: inherit;\"><span style=\"vertical-align: inherit;\">100% coton et fabrication italienne<\/span><\/span><\/div>\n<div dir=\"auto\"><span style=\"vertical-align: inherit;\"><span style=\"vertical-align: inherit;\">Le mod\u00e8le mesure 1,60m<\/span><\/span><\/div>\n<div dir=\"auto\"><span style=\"vertical-align: inherit;\"><span style=\"vertical-align: inherit;\">Prix: 38,99 \u20ac<\/span><\/span><\/div>\n","protected":false},"featured_media":2917,"comment_status":"open","ping_status":"closed","template":"","meta":[],"product_brand":[],"product_cat":[55,45],"product_tag":[],"class_list":{"0":"post-2916","1":"product","2":"type-product","3":"status-publish","4":"has-post-thumbnail","6":"product_cat-nouveautes","7":"product_cat-robes-tuniques","9":"first","10":"outofstock","11":"shipping-taxable","12":"purchasable","13":"product-type-simple"},"yoast_head":"<!-- This site is optimized with the Yoast SEO plugin v21.9 - https:\/\/yoast.com\/wordpress\/plugins\/seo\/ -->\n<title>Robe broderie anglaise blanche - pepitesdemayla.fr<\/title>\n<meta name=\"robots\" content=\"index, follow, max-snippet:-1, max-image-preview:large, max-video-preview:-1\" \/>\n<link rel=\"canonical\" href=\"https:\/\/pepitesdemayla.fr\/?product=robe-broderie-anglaise-blanche\" \/>\n<meta property=\"og:locale\" content=\"fr_FR\" \/>\n<meta property=\"og:type\" content=\"article\" \/>\n<meta property=\"og:title\" content=\"Robe broderie anglaise blanche - pepitesdemayla.fr\" \/>\n<meta property=\"og:description\" content=\"Robe broderie anglaise, doublure int\u00e9rieure Taille unique, convient du XS au XL 3 coloris diff\u00e9rents, blanche, noire et kaki 100% coton et fabrication italienne Le mod\u00e8le mesure 1,60m Prix: 38,99 \u20ac\" \/>\n<meta property=\"og:url\" content=\"https:\/\/pepitesdemayla.fr\/?product=robe-broderie-anglaise-blanche\" \/>\n<meta property=\"og:site_name\" content=\"pepitesdemayla.fr\" \/>\n<meta property=\"article:modified_time\" content=\"2024-08-13T21:28:43+00:00\" \/>\n<meta property=\"og:image\" content=\"http:\/\/pepitesdemayla.fr\/wp-content\/uploads\/2024\/03\/robe-broderie-anglaise-blanche.jpg\" \/>\n\t<meta property=\"og:image:width\" content=\"1080\" \/>\n\t<meta property=\"og:image:height\" content=\"1350\" \/>\n\t<meta property=\"og:image:type\" content=\"image\/jpeg\" \/>\n<meta name=\"twitter:card\" content=\"summary_large_image\" \/>\n<meta name=\"twitter:label1\" content=\"Dur\u00e9e de lecture estim\u00e9e\" \/>\n\t<meta name=\"twitter:data1\" content=\"1 minute\" \/>\n<script type=\"application\/ld+json\" class=\"yoast-schema-graph\">{\"@context\":\"https:\/\/schema.org\",\"@graph\":[{\"@type\":\"WebPage\",\"@id\":\"https:\/\/pepitesdemayla.fr\/?product=robe-broderie-anglaise-blanche\",\"url\":\"https:\/\/pepitesdemayla.fr\/?product=robe-broderie-anglaise-blanche\",\"name\":\"Robe broderie anglaise blanche - pepitesdemayla.fr\",\"isPartOf\":{\"@id\":\"https:\/\/pepitesdemayla.fr\/#website\"},\"datePublished\":\"2024-03-11T14:22:53+00:00\",\"dateModified\":\"2024-08-13T21:28:43+00:00\",\"breadcrumb\":{\"@id\":\"https:\/\/pepitesdemayla.fr\/?product=robe-broderie-anglaise-blanche#breadcrumb\"},\"inLanguage\":\"fr-FR\",\"potentialAction\":[{\"@type\":\"ReadAction\",\"target\":[\"https:\/\/pepitesdemayla.fr\/?product=robe-broderie-anglaise-blanche\"]}]},{\"@type\":\"BreadcrumbList\",\"@id\":\"https:\/\/pepitesdemayla.fr\/?product=robe-broderie-anglaise-blanche#breadcrumb\",\"itemListElement\":[{\"@type\":\"ListItem\",\"position\":1,\"name\":\"Accueil\",\"item\":\"https:\/\/pepitesdemayla.fr\/\"},{\"@type\":\"ListItem\",\"position\":2,\"name\":\"Cat\u00e9gories\",\"item\":\"https:\/\/pepitesdemayla.fr\/?page_id=1680\"},{\"@type\":\"ListItem\",\"position\":3,\"name\":\"Robe broderie anglaise blanche\"}]},{\"@type\":\"WebSite\",\"@id\":\"https:\/\/pepitesdemayla.fr\/#website\",\"url\":\"https:\/\/pepitesdemayla.fr\/\",\"name\":\"pepitesdemayla.fr\",\"description\":\"\",\"publisher\":{\"@id\":\"https:\/\/pepitesdemayla.fr\/#organization\"},\"potentialAction\":[{\"@type\":\"SearchAction\",\"target\":{\"@type\":\"EntryPoint\",\"urlTemplate\":\"https:\/\/pepitesdemayla.fr\/?s={search_term_string}\"},\"query-input\":\"required name=search_term_string\"}],\"inLanguage\":\"fr-FR\"},{\"@type\":\"Organization\",\"@id\":\"https:\/\/pepitesdemayla.fr\/#organization\",\"name\":\"pepitesdemayla.fr\",\"url\":\"https:\/\/pepitesdemayla.fr\/\",\"logo\":{\"@type\":\"ImageObject\",\"inLanguage\":\"fr-FR\",\"@id\":\"https:\/\/pepitesdemayla.fr\/#\/schema\/logo\/image\/\",\"url\":\"https:\/\/pepitesdemayla.fr\/wp-content\/uploads\/2022\/06\/logo-pepites-de-mayla-remove-sans-fond.png\",\"contentUrl\":\"https:\/\/pepitesdemayla.fr\/wp-content\/uploads\/2022\/06\/logo-pepites-de-mayla-remove-sans-fond.png\",\"width\":500,\"height\":500,\"caption\":\"pepitesdemayla.fr\"},\"image\":{\"@id\":\"https:\/\/pepitesdemayla.fr\/#\/schema\/logo\/image\/\"}}]}<\/script>\n<!-- \/ Yoast SEO plugin. -->","yoast_head_json":{"title":"Robe broderie anglaise blanche - pepitesdemayla.fr","robots":{"index":"index","follow":"follow","max-snippet":"max-snippet:-1","max-image-preview":"max-image-preview:large","max-video-preview":"max-video-preview:-1"},"canonical":"https:\/\/pepitesdemayla.fr\/?product=robe-broderie-anglaise-blanche","og_locale":"fr_FR","og_type":"article","og_title":"Robe broderie anglaise blanche - pepitesdemayla.fr","og_description":"Robe broderie anglaise, doublure int\u00e9rieure Taille unique, convient du XS au XL 3 coloris diff\u00e9rents, blanche, noire et kaki 100% coton et fabrication italienne Le mod\u00e8le mesure 1,60m Prix: 38,99 \u20ac","og_url":"https:\/\/pepitesdemayla.fr\/?product=robe-broderie-anglaise-blanche","og_site_name":"pepitesdemayla.fr","article_modified_time":"2024-08-13T21:28:43+00:00","og_image":[{"width":1080,"height":1350,"url":"http:\/\/pepitesdemayla.fr\/wp-content\/uploads\/2024\/03\/robe-broderie-anglaise-blanche.jpg","type":"image\/jpeg"}],"twitter_card":"summary_large_image","twitter_misc":{"Dur\u00e9e de lecture estim\u00e9e":"1 minute"},"schema":{"@context":"https:\/\/schema.org","@graph":[{"@type":"WebPage","@id":"https:\/\/pepitesdemayla.fr\/?product=robe-broderie-anglaise-blanche","url":"https:\/\/pepitesdemayla.fr\/?product=robe-broderie-anglaise-blanche","name":"Robe broderie anglaise blanche - pepitesdemayla.fr","isPartOf":{"@id":"https:\/\/pepitesdemayla.fr\/#website"},"datePublished":"2024-03-11T14:22:53+00:00","dateModified":"2024-08-13T21:28:43+00:00","breadcrumb":{"@id":"https:\/\/pepitesdemayla.fr\/?product=robe-broderie-anglaise-blanche#breadcrumb"},"inLanguage":"fr-FR","potentialAction":[{"@type":"ReadAction","target":["https:\/\/pepitesdemayla.fr\/?product=robe-broderie-anglaise-blanche"]}]},{"@type":"BreadcrumbList","@id":"https:\/\/pepitesdemayla.fr\/?product=robe-broderie-anglaise-blanche#breadcrumb","itemListElement":[{"@type":"ListItem","position":1,"name":"Accueil","item":"https:\/\/pepitesdemayla.fr\/"},{"@type":"ListItem","position":2,"name":"Cat\u00e9gories","item":"https:\/\/pepitesdemayla.fr\/?page_id=1680"},{"@type":"ListItem","position":3,"name":"Robe broderie anglaise blanche"}]},{"@type":"WebSite","@id":"https:\/\/pepitesdemayla.fr\/#website","url":"https:\/\/pepitesdemayla.fr\/","name":"pepitesdemayla.fr","description":"","publisher":{"@id":"https:\/\/pepitesdemayla.fr\/#organization"},"potentialAction":[{"@type":"SearchAction","target":{"@type":"EntryPoint","urlTemplate":"https:\/\/pepitesdemayla.fr\/?s={search_term_string}"},"query-input":"required name=search_term_string"}],"inLanguage":"fr-FR"},{"@type":"Organization","@id":"https:\/\/pepitesdemayla.fr\/#organization","name":"pepitesdemayla.fr","url":"https:\/\/pepitesdemayla.fr\/","logo":{"@type":"ImageObject","inLanguage":"fr-FR","@id":"https:\/\/pepitesdemayla.fr\/#\/schema\/logo\/image\/","url":"https:\/\/pepitesdemayla.fr\/wp-content\/uploads\/2022\/06\/logo-pepites-de-mayla-remove-sans-fond.png","contentUrl":"https:\/\/pepitesdemayla.fr\/wp-content\/uploads\/2022\/06\/logo-pepites-de-mayla-remove-sans-fond.png","width":500,"height":500,"caption":"pepitesdemayla.fr"},"image":{"@id":"https:\/\/pepitesdemayla.fr\/#\/schema\/logo\/image\/"}}]}},"_links":{"self":[{"href":"https:\/\/pepitesdemayla.fr\/index.php?rest_route=\/wp\/v2\/product\/2916","targetHints":{"allow":["GET"]}}],"collection":[{"href":"https:\/\/pepitesdemayla.fr\/index.php?rest_route=\/wp\/v2\/product"}],"about":[{"href":"https:\/\/pepitesdemayla.fr\/index.php?rest_route=\/wp\/v2\/types\/product"}],"replies":[{"embeddable":true,"href":"https:\/\/pepitesdemayla.fr\/index.php?rest_route=%2Fwp%2Fv2%2Fcomments&post=2916"}],"wp:featuredmedia":[{"embeddable":true,"href":"https:\/\/pepitesdemayla.fr\/index.php?rest_route=\/wp\/v2\/media\/2917"}],"wp:attachment":[{"href":"https:\/\/pepitesdemayla.fr\/index.php?rest_route=%2Fwp%2Fv2%2Fmedia&parent=2916"}],"wp:term":[{"taxonomy":"product_brand","embeddable":true,"href":"https:\/\/pepitesdemayla.fr\/index.php?rest_route=%2Fwp%2Fv2%2Fproduct_brand&post=2916"},{"taxonomy":"product_cat","embeddable":true,"href":"https:\/\/pepitesdemayla.fr\/index.php?rest_route=%2Fwp%2Fv2%2Fproduct_cat&post=2916"},{"taxonomy":"product_tag","embeddable":true,"href":"https:\/\/pepitesdemayla.fr\/index.php?rest_route=%2Fwp%2Fv2%2Fproduct_tag&post=2916"}],"curies":[{"name":"wp","href":"https:\/\/api.w.org\/{rel}","templated":true}]}}