{"id":4441,"date":"2025-07-18T00:36:31","date_gmt":"2025-07-17T22:36:31","guid":{"rendered":"https:\/\/pepitesdemayla.fr\/?post_type=product&#038;p=4441"},"modified":"2025-07-18T00:36:32","modified_gmt":"2025-07-17T22:36:32","slug":"ensemble-plume","status":"publish","type":"product","link":"https:\/\/pepitesdemayla.fr\/?product=ensemble-plume","title":{"rendered":"Ensemble Plume"},"content":{"rendered":"<p> Ensemble pantalon satin\u00e9 et sa shemise mon coup de \u2764<br \/>\nMotifs : Coup de pinceau \ud83d\udd8c \ud83d\udd8c \ud83d\udd8c<br \/>\n\u00c9lastique \u00e0 la taille<br \/>\nCoupe du pantalon longue est large<br \/>\nLe mod\u00e8le mesure 1.60 et porte des mules de 9cm (1.69 m) porte la taille S\/M<br \/>\nQui convient su Xs au L.<br \/>\nTaille : S\/M<br \/>\nMati\u00e8re satin\u00e9 de bonne qualit\u00e9 \ud83e\udd0d<\/p>\n","protected":false},"excerpt":{"rendered":"<p>Ensemble pantalon satin\u00e9 et sa shemise mon coup de \u2764 Motifs : Coup de pinceau \ud83d\udd8c \ud83d\udd8c \ud83d\udd8c \u00c9lastique \u00e0 la taille Coupe du pantalon longue est large Le mod\u00e8le mesure 1.60 et porte des mules de 9cm (1.69 m) porte la taille S\/M Qui convient su Xs au L. Taille : S\/M Mati\u00e8re satin\u00e9 de bonne qualit\u00e9 \ud83e\udd0d<\/p>\n","protected":false},"featured_media":4442,"comment_status":"open","ping_status":"closed","template":"","meta":[],"product_brand":[],"product_cat":[79,46],"product_tag":[],"class_list":{"0":"post-4441","1":"product","2":"type-product","3":"status-publish","4":"has-post-thumbnail","6":"product_cat-destockage","7":"product_cat-ensembles","9":"first","10":"instock","11":"sale","12":"shipping-taxable","13":"purchasable","14":"product-type-simple"},"yoast_head":"<!-- This site is optimized with the Yoast SEO plugin v21.9 - https:\/\/yoast.com\/wordpress\/plugins\/seo\/ -->\n<title>Ensemble Plume - pepitesdemayla.fr<\/title>\n<meta name=\"robots\" content=\"index, follow, max-snippet:-1, max-image-preview:large, max-video-preview:-1\" \/>\n<link rel=\"canonical\" href=\"https:\/\/pepitesdemayla.fr\/?product=ensemble-plume\" \/>\n<meta property=\"og:locale\" content=\"fr_FR\" \/>\n<meta property=\"og:type\" content=\"article\" \/>\n<meta property=\"og:title\" content=\"Ensemble Plume - pepitesdemayla.fr\" \/>\n<meta property=\"og:description\" content=\"Ensemble pantalon satin\u00e9 et sa shemise mon coup de \u2764 Motifs : Coup de pinceau \ud83d\udd8c \ud83d\udd8c \ud83d\udd8c \u00c9lastique \u00e0 la taille Coupe du pantalon longue est large Le mod\u00e8le mesure 1.60 et porte des mules de 9cm (1.69 m) porte la taille S\/M Qui convient su Xs au L. Taille : S\/M Mati\u00e8re satin\u00e9 de bonne qualit\u00e9 \ud83e\udd0d\" \/>\n<meta property=\"og:url\" content=\"https:\/\/pepitesdemayla.fr\/?product=ensemble-plume\" \/>\n<meta property=\"og:site_name\" content=\"pepitesdemayla.fr\" \/>\n<meta property=\"article:modified_time\" content=\"2025-07-17T22:36:32+00:00\" \/>\n<meta property=\"og:image\" content=\"http:\/\/pepitesdemayla.fr\/wp-content\/uploads\/2025\/07\/Screenshot_20230703_164435_Instagram.jpg\" \/>\n\t<meta property=\"og:image:width\" content=\"1080\" \/>\n\t<meta property=\"og:image:height\" content=\"1343\" \/>\n\t<meta property=\"og:image:type\" content=\"image\/jpeg\" \/>\n<meta name=\"twitter:card\" content=\"summary_large_image\" \/>\n<meta name=\"twitter:label1\" content=\"Dur\u00e9e de lecture estim\u00e9e\" \/>\n\t<meta name=\"twitter:data1\" content=\"1 minute\" \/>\n<script type=\"application\/ld+json\" class=\"yoast-schema-graph\">{\"@context\":\"https:\/\/schema.org\",\"@graph\":[{\"@type\":\"WebPage\",\"@id\":\"https:\/\/pepitesdemayla.fr\/?product=ensemble-plume\",\"url\":\"https:\/\/pepitesdemayla.fr\/?product=ensemble-plume\",\"name\":\"Ensemble Plume - pepitesdemayla.fr\",\"isPartOf\":{\"@id\":\"https:\/\/pepitesdemayla.fr\/#website\"},\"datePublished\":\"2025-07-17T22:36:31+00:00\",\"dateModified\":\"2025-07-17T22:36:32+00:00\",\"breadcrumb\":{\"@id\":\"https:\/\/pepitesdemayla.fr\/?product=ensemble-plume#breadcrumb\"},\"inLanguage\":\"fr-FR\",\"potentialAction\":[{\"@type\":\"ReadAction\",\"target\":[\"https:\/\/pepitesdemayla.fr\/?product=ensemble-plume\"]}]},{\"@type\":\"BreadcrumbList\",\"@id\":\"https:\/\/pepitesdemayla.fr\/?product=ensemble-plume#breadcrumb\",\"itemListElement\":[{\"@type\":\"ListItem\",\"position\":1,\"name\":\"Accueil\",\"item\":\"https:\/\/pepitesdemayla.fr\/\"},{\"@type\":\"ListItem\",\"position\":2,\"name\":\"Cat\u00e9gories\",\"item\":\"https:\/\/pepitesdemayla.fr\/?page_id=1680\"},{\"@type\":\"ListItem\",\"position\":3,\"name\":\"Ensemble Plume\"}]},{\"@type\":\"WebSite\",\"@id\":\"https:\/\/pepitesdemayla.fr\/#website\",\"url\":\"https:\/\/pepitesdemayla.fr\/\",\"name\":\"pepitesdemayla.fr\",\"description\":\"\",\"publisher\":{\"@id\":\"https:\/\/pepitesdemayla.fr\/#organization\"},\"potentialAction\":[{\"@type\":\"SearchAction\",\"target\":{\"@type\":\"EntryPoint\",\"urlTemplate\":\"https:\/\/pepitesdemayla.fr\/?s={search_term_string}\"},\"query-input\":\"required name=search_term_string\"}],\"inLanguage\":\"fr-FR\"},{\"@type\":\"Organization\",\"@id\":\"https:\/\/pepitesdemayla.fr\/#organization\",\"name\":\"pepitesdemayla.fr\",\"url\":\"https:\/\/pepitesdemayla.fr\/\",\"logo\":{\"@type\":\"ImageObject\",\"inLanguage\":\"fr-FR\",\"@id\":\"https:\/\/pepitesdemayla.fr\/#\/schema\/logo\/image\/\",\"url\":\"https:\/\/pepitesdemayla.fr\/wp-content\/uploads\/2022\/06\/logo-pepites-de-mayla-remove-sans-fond.png\",\"contentUrl\":\"https:\/\/pepitesdemayla.fr\/wp-content\/uploads\/2022\/06\/logo-pepites-de-mayla-remove-sans-fond.png\",\"width\":500,\"height\":500,\"caption\":\"pepitesdemayla.fr\"},\"image\":{\"@id\":\"https:\/\/pepitesdemayla.fr\/#\/schema\/logo\/image\/\"}}]}<\/script>\n<!-- \/ Yoast SEO plugin. -->","yoast_head_json":{"title":"Ensemble Plume - pepitesdemayla.fr","robots":{"index":"index","follow":"follow","max-snippet":"max-snippet:-1","max-image-preview":"max-image-preview:large","max-video-preview":"max-video-preview:-1"},"canonical":"https:\/\/pepitesdemayla.fr\/?product=ensemble-plume","og_locale":"fr_FR","og_type":"article","og_title":"Ensemble Plume - pepitesdemayla.fr","og_description":"Ensemble pantalon satin\u00e9 et sa shemise mon coup de \u2764 Motifs : Coup de pinceau \ud83d\udd8c \ud83d\udd8c \ud83d\udd8c \u00c9lastique \u00e0 la taille Coupe du pantalon longue est large Le mod\u00e8le mesure 1.60 et porte des mules de 9cm (1.69 m) porte la taille S\/M Qui convient su Xs au L. Taille : S\/M Mati\u00e8re satin\u00e9 de bonne qualit\u00e9 \ud83e\udd0d","og_url":"https:\/\/pepitesdemayla.fr\/?product=ensemble-plume","og_site_name":"pepitesdemayla.fr","article_modified_time":"2025-07-17T22:36:32+00:00","og_image":[{"width":1080,"height":1343,"url":"http:\/\/pepitesdemayla.fr\/wp-content\/uploads\/2025\/07\/Screenshot_20230703_164435_Instagram.jpg","type":"image\/jpeg"}],"twitter_card":"summary_large_image","twitter_misc":{"Dur\u00e9e de lecture estim\u00e9e":"1 minute"},"schema":{"@context":"https:\/\/schema.org","@graph":[{"@type":"WebPage","@id":"https:\/\/pepitesdemayla.fr\/?product=ensemble-plume","url":"https:\/\/pepitesdemayla.fr\/?product=ensemble-plume","name":"Ensemble Plume - pepitesdemayla.fr","isPartOf":{"@id":"https:\/\/pepitesdemayla.fr\/#website"},"datePublished":"2025-07-17T22:36:31+00:00","dateModified":"2025-07-17T22:36:32+00:00","breadcrumb":{"@id":"https:\/\/pepitesdemayla.fr\/?product=ensemble-plume#breadcrumb"},"inLanguage":"fr-FR","potentialAction":[{"@type":"ReadAction","target":["https:\/\/pepitesdemayla.fr\/?product=ensemble-plume"]}]},{"@type":"BreadcrumbList","@id":"https:\/\/pepitesdemayla.fr\/?product=ensemble-plume#breadcrumb","itemListElement":[{"@type":"ListItem","position":1,"name":"Accueil","item":"https:\/\/pepitesdemayla.fr\/"},{"@type":"ListItem","position":2,"name":"Cat\u00e9gories","item":"https:\/\/pepitesdemayla.fr\/?page_id=1680"},{"@type":"ListItem","position":3,"name":"Ensemble Plume"}]},{"@type":"WebSite","@id":"https:\/\/pepitesdemayla.fr\/#website","url":"https:\/\/pepitesdemayla.fr\/","name":"pepitesdemayla.fr","description":"","publisher":{"@id":"https:\/\/pepitesdemayla.fr\/#organization"},"potentialAction":[{"@type":"SearchAction","target":{"@type":"EntryPoint","urlTemplate":"https:\/\/pepitesdemayla.fr\/?s={search_term_string}"},"query-input":"required name=search_term_string"}],"inLanguage":"fr-FR"},{"@type":"Organization","@id":"https:\/\/pepitesdemayla.fr\/#organization","name":"pepitesdemayla.fr","url":"https:\/\/pepitesdemayla.fr\/","logo":{"@type":"ImageObject","inLanguage":"fr-FR","@id":"https:\/\/pepitesdemayla.fr\/#\/schema\/logo\/image\/","url":"https:\/\/pepitesdemayla.fr\/wp-content\/uploads\/2022\/06\/logo-pepites-de-mayla-remove-sans-fond.png","contentUrl":"https:\/\/pepitesdemayla.fr\/wp-content\/uploads\/2022\/06\/logo-pepites-de-mayla-remove-sans-fond.png","width":500,"height":500,"caption":"pepitesdemayla.fr"},"image":{"@id":"https:\/\/pepitesdemayla.fr\/#\/schema\/logo\/image\/"}}]}},"_links":{"self":[{"href":"https:\/\/pepitesdemayla.fr\/index.php?rest_route=\/wp\/v2\/product\/4441","targetHints":{"allow":["GET"]}}],"collection":[{"href":"https:\/\/pepitesdemayla.fr\/index.php?rest_route=\/wp\/v2\/product"}],"about":[{"href":"https:\/\/pepitesdemayla.fr\/index.php?rest_route=\/wp\/v2\/types\/product"}],"replies":[{"embeddable":true,"href":"https:\/\/pepitesdemayla.fr\/index.php?rest_route=%2Fwp%2Fv2%2Fcomments&post=4441"}],"wp:featuredmedia":[{"embeddable":true,"href":"https:\/\/pepitesdemayla.fr\/index.php?rest_route=\/wp\/v2\/media\/4442"}],"wp:attachment":[{"href":"https:\/\/pepitesdemayla.fr\/index.php?rest_route=%2Fwp%2Fv2%2Fmedia&parent=4441"}],"wp:term":[{"taxonomy":"product_brand","embeddable":true,"href":"https:\/\/pepitesdemayla.fr\/index.php?rest_route=%2Fwp%2Fv2%2Fproduct_brand&post=4441"},{"taxonomy":"product_cat","embeddable":true,"href":"https:\/\/pepitesdemayla.fr\/index.php?rest_route=%2Fwp%2Fv2%2Fproduct_cat&post=4441"},{"taxonomy":"product_tag","embeddable":true,"href":"https:\/\/pepitesdemayla.fr\/index.php?rest_route=%2Fwp%2Fv2%2Fproduct_tag&post=4441"}],"curies":[{"name":"wp","href":"https:\/\/api.w.org\/{rel}","templated":true}]}}