{"id":4560,"date":"2025-07-20T17:18:02","date_gmt":"2025-07-20T15:18:02","guid":{"rendered":"https:\/\/pepitesdemayla.fr\/?post_type=product&#038;p=4560"},"modified":"2025-07-20T17:19:41","modified_gmt":"2025-07-20T15:19:41","slug":"jupe-longue-azur-kaki","status":"publish","type":"product","link":"https:\/\/pepitesdemayla.fr\/?product=jupe-longue-azur-kaki","title":{"rendered":"Jupe longue azur Kaki"},"content":{"rendered":"<p>Jupe longue 100 % coton<br \/>\nCoupe longue<br \/>\nDoublure longue<br \/>\nQualit\u00e9 Premium<br \/>\n\u00c9lastique \u00e0 la taille<br \/>\nTaille unique<br \/>\nConvient du XS au Xl<br \/>\nLe mod\u00e8le mesure 1.60m <\/p>\n","protected":false},"excerpt":{"rendered":"<p>Jupe longue 100 % coton Coupe longue Doublure longue Qualit\u00e9 Premium \u00c9lastique \u00e0 la taille Taille unique Convient du XS au Xl Le mod\u00e8le mesure 1.60m<\/p>\n","protected":false},"featured_media":4547,"comment_status":"open","ping_status":"closed","template":"","meta":[],"product_brand":[],"product_cat":[47,55,54],"product_tag":[],"class_list":{"0":"post-4560","1":"product","2":"type-product","3":"status-publish","4":"has-post-thumbnail","6":"product_cat-jupes","7":"product_cat-nouveautes","8":"product_cat-promotion","10":"first","11":"instock","12":"shipping-taxable","13":"purchasable","14":"product-type-simple"},"yoast_head":"<!-- This site is optimized with the Yoast SEO plugin v21.9 - https:\/\/yoast.com\/wordpress\/plugins\/seo\/ -->\n<title>Jupe longue azur Kaki - pepitesdemayla.fr<\/title>\n<meta name=\"robots\" content=\"index, follow, max-snippet:-1, max-image-preview:large, max-video-preview:-1\" \/>\n<link rel=\"canonical\" href=\"https:\/\/pepitesdemayla.fr\/?product=jupe-longue-azur-kaki\" \/>\n<meta property=\"og:locale\" content=\"fr_FR\" \/>\n<meta property=\"og:type\" content=\"article\" \/>\n<meta property=\"og:title\" content=\"Jupe longue azur Kaki - pepitesdemayla.fr\" \/>\n<meta property=\"og:description\" content=\"Jupe longue 100 % coton Coupe longue Doublure longue Qualit\u00e9 Premium \u00c9lastique \u00e0 la taille Taille unique Convient du XS au Xl Le mod\u00e8le mesure 1.60m\" \/>\n<meta property=\"og:url\" content=\"https:\/\/pepitesdemayla.fr\/?product=jupe-longue-azur-kaki\" \/>\n<meta property=\"og:site_name\" content=\"pepitesdemayla.fr\" \/>\n<meta property=\"article:modified_time\" content=\"2025-07-20T15:19:41+00:00\" \/>\n<meta property=\"og:image\" content=\"http:\/\/pepitesdemayla.fr\/wp-content\/uploads\/2025\/07\/1000095109.webp\" \/>\n\t<meta property=\"og:image:width\" content=\"1080\" \/>\n\t<meta property=\"og:image:height\" content=\"1920\" \/>\n\t<meta property=\"og:image:type\" content=\"image\/webp\" \/>\n<meta name=\"twitter:card\" content=\"summary_large_image\" \/>\n<meta name=\"twitter:label1\" content=\"Dur\u00e9e de lecture estim\u00e9e\" \/>\n\t<meta name=\"twitter:data1\" content=\"1 minute\" \/>\n<script type=\"application\/ld+json\" class=\"yoast-schema-graph\">{\"@context\":\"https:\/\/schema.org\",\"@graph\":[{\"@type\":\"WebPage\",\"@id\":\"https:\/\/pepitesdemayla.fr\/?product=jupe-longue-azur-kaki\",\"url\":\"https:\/\/pepitesdemayla.fr\/?product=jupe-longue-azur-kaki\",\"name\":\"Jupe longue azur Kaki - pepitesdemayla.fr\",\"isPartOf\":{\"@id\":\"https:\/\/pepitesdemayla.fr\/#website\"},\"datePublished\":\"2025-07-20T15:18:02+00:00\",\"dateModified\":\"2025-07-20T15:19:41+00:00\",\"breadcrumb\":{\"@id\":\"https:\/\/pepitesdemayla.fr\/?product=jupe-longue-azur-kaki#breadcrumb\"},\"inLanguage\":\"fr-FR\",\"potentialAction\":[{\"@type\":\"ReadAction\",\"target\":[\"https:\/\/pepitesdemayla.fr\/?product=jupe-longue-azur-kaki\"]}]},{\"@type\":\"BreadcrumbList\",\"@id\":\"https:\/\/pepitesdemayla.fr\/?product=jupe-longue-azur-kaki#breadcrumb\",\"itemListElement\":[{\"@type\":\"ListItem\",\"position\":1,\"name\":\"Accueil\",\"item\":\"https:\/\/pepitesdemayla.fr\/\"},{\"@type\":\"ListItem\",\"position\":2,\"name\":\"Cat\u00e9gories\",\"item\":\"https:\/\/pepitesdemayla.fr\/?page_id=1680\"},{\"@type\":\"ListItem\",\"position\":3,\"name\":\"Jupe longue azur Kaki\"}]},{\"@type\":\"WebSite\",\"@id\":\"https:\/\/pepitesdemayla.fr\/#website\",\"url\":\"https:\/\/pepitesdemayla.fr\/\",\"name\":\"pepitesdemayla.fr\",\"description\":\"\",\"publisher\":{\"@id\":\"https:\/\/pepitesdemayla.fr\/#organization\"},\"potentialAction\":[{\"@type\":\"SearchAction\",\"target\":{\"@type\":\"EntryPoint\",\"urlTemplate\":\"https:\/\/pepitesdemayla.fr\/?s={search_term_string}\"},\"query-input\":\"required name=search_term_string\"}],\"inLanguage\":\"fr-FR\"},{\"@type\":\"Organization\",\"@id\":\"https:\/\/pepitesdemayla.fr\/#organization\",\"name\":\"pepitesdemayla.fr\",\"url\":\"https:\/\/pepitesdemayla.fr\/\",\"logo\":{\"@type\":\"ImageObject\",\"inLanguage\":\"fr-FR\",\"@id\":\"https:\/\/pepitesdemayla.fr\/#\/schema\/logo\/image\/\",\"url\":\"https:\/\/pepitesdemayla.fr\/wp-content\/uploads\/2022\/06\/logo-pepites-de-mayla-remove-sans-fond.png\",\"contentUrl\":\"https:\/\/pepitesdemayla.fr\/wp-content\/uploads\/2022\/06\/logo-pepites-de-mayla-remove-sans-fond.png\",\"width\":500,\"height\":500,\"caption\":\"pepitesdemayla.fr\"},\"image\":{\"@id\":\"https:\/\/pepitesdemayla.fr\/#\/schema\/logo\/image\/\"}}]}<\/script>\n<!-- \/ Yoast SEO plugin. -->","yoast_head_json":{"title":"Jupe longue azur Kaki - pepitesdemayla.fr","robots":{"index":"index","follow":"follow","max-snippet":"max-snippet:-1","max-image-preview":"max-image-preview:large","max-video-preview":"max-video-preview:-1"},"canonical":"https:\/\/pepitesdemayla.fr\/?product=jupe-longue-azur-kaki","og_locale":"fr_FR","og_type":"article","og_title":"Jupe longue azur Kaki - pepitesdemayla.fr","og_description":"Jupe longue 100 % coton Coupe longue Doublure longue Qualit\u00e9 Premium \u00c9lastique \u00e0 la taille Taille unique Convient du XS au Xl Le mod\u00e8le mesure 1.60m","og_url":"https:\/\/pepitesdemayla.fr\/?product=jupe-longue-azur-kaki","og_site_name":"pepitesdemayla.fr","article_modified_time":"2025-07-20T15:19:41+00:00","og_image":[{"width":1080,"height":1920,"url":"http:\/\/pepitesdemayla.fr\/wp-content\/uploads\/2025\/07\/1000095109.webp","type":"image\/webp"}],"twitter_card":"summary_large_image","twitter_misc":{"Dur\u00e9e de lecture estim\u00e9e":"1 minute"},"schema":{"@context":"https:\/\/schema.org","@graph":[{"@type":"WebPage","@id":"https:\/\/pepitesdemayla.fr\/?product=jupe-longue-azur-kaki","url":"https:\/\/pepitesdemayla.fr\/?product=jupe-longue-azur-kaki","name":"Jupe longue azur Kaki - pepitesdemayla.fr","isPartOf":{"@id":"https:\/\/pepitesdemayla.fr\/#website"},"datePublished":"2025-07-20T15:18:02+00:00","dateModified":"2025-07-20T15:19:41+00:00","breadcrumb":{"@id":"https:\/\/pepitesdemayla.fr\/?product=jupe-longue-azur-kaki#breadcrumb"},"inLanguage":"fr-FR","potentialAction":[{"@type":"ReadAction","target":["https:\/\/pepitesdemayla.fr\/?product=jupe-longue-azur-kaki"]}]},{"@type":"BreadcrumbList","@id":"https:\/\/pepitesdemayla.fr\/?product=jupe-longue-azur-kaki#breadcrumb","itemListElement":[{"@type":"ListItem","position":1,"name":"Accueil","item":"https:\/\/pepitesdemayla.fr\/"},{"@type":"ListItem","position":2,"name":"Cat\u00e9gories","item":"https:\/\/pepitesdemayla.fr\/?page_id=1680"},{"@type":"ListItem","position":3,"name":"Jupe longue azur Kaki"}]},{"@type":"WebSite","@id":"https:\/\/pepitesdemayla.fr\/#website","url":"https:\/\/pepitesdemayla.fr\/","name":"pepitesdemayla.fr","description":"","publisher":{"@id":"https:\/\/pepitesdemayla.fr\/#organization"},"potentialAction":[{"@type":"SearchAction","target":{"@type":"EntryPoint","urlTemplate":"https:\/\/pepitesdemayla.fr\/?s={search_term_string}"},"query-input":"required name=search_term_string"}],"inLanguage":"fr-FR"},{"@type":"Organization","@id":"https:\/\/pepitesdemayla.fr\/#organization","name":"pepitesdemayla.fr","url":"https:\/\/pepitesdemayla.fr\/","logo":{"@type":"ImageObject","inLanguage":"fr-FR","@id":"https:\/\/pepitesdemayla.fr\/#\/schema\/logo\/image\/","url":"https:\/\/pepitesdemayla.fr\/wp-content\/uploads\/2022\/06\/logo-pepites-de-mayla-remove-sans-fond.png","contentUrl":"https:\/\/pepitesdemayla.fr\/wp-content\/uploads\/2022\/06\/logo-pepites-de-mayla-remove-sans-fond.png","width":500,"height":500,"caption":"pepitesdemayla.fr"},"image":{"@id":"https:\/\/pepitesdemayla.fr\/#\/schema\/logo\/image\/"}}]}},"_links":{"self":[{"href":"https:\/\/pepitesdemayla.fr\/index.php?rest_route=\/wp\/v2\/product\/4560","targetHints":{"allow":["GET"]}}],"collection":[{"href":"https:\/\/pepitesdemayla.fr\/index.php?rest_route=\/wp\/v2\/product"}],"about":[{"href":"https:\/\/pepitesdemayla.fr\/index.php?rest_route=\/wp\/v2\/types\/product"}],"replies":[{"embeddable":true,"href":"https:\/\/pepitesdemayla.fr\/index.php?rest_route=%2Fwp%2Fv2%2Fcomments&post=4560"}],"wp:featuredmedia":[{"embeddable":true,"href":"https:\/\/pepitesdemayla.fr\/index.php?rest_route=\/wp\/v2\/media\/4547"}],"wp:attachment":[{"href":"https:\/\/pepitesdemayla.fr\/index.php?rest_route=%2Fwp%2Fv2%2Fmedia&parent=4560"}],"wp:term":[{"taxonomy":"product_brand","embeddable":true,"href":"https:\/\/pepitesdemayla.fr\/index.php?rest_route=%2Fwp%2Fv2%2Fproduct_brand&post=4560"},{"taxonomy":"product_cat","embeddable":true,"href":"https:\/\/pepitesdemayla.fr\/index.php?rest_route=%2Fwp%2Fv2%2Fproduct_cat&post=4560"},{"taxonomy":"product_tag","embeddable":true,"href":"https:\/\/pepitesdemayla.fr\/index.php?rest_route=%2Fwp%2Fv2%2Fproduct_tag&post=4560"}],"curies":[{"name":"wp","href":"https:\/\/api.w.org\/{rel}","templated":true}]}}