{"id":5256,"date":"2026-03-02T20:35:12","date_gmt":"2026-03-02T19:35:12","guid":{"rendered":"https:\/\/pepitesdemayla.fr\/?post_type=product&#038;p=5256"},"modified":"2026-03-02T20:35:12","modified_gmt":"2026-03-02T19:35:12","slug":"set-diva-prune","status":"publish","type":"product","link":"https:\/\/pepitesdemayla.fr\/?product=set-diva-prune","title":{"rendered":"SET DIVA PRUNE"},"content":{"rendered":"<p>Magnifique cet ensemble \ud83d\ude0d<\/p>\n<p>Le haut et une cape r\u00e9glable avec un ruban \u00e0 nouer.<br \/>\nLa coupe est fluide, \u00e9l\u00e9gante et tr\u00e8s affirm\u00e9e.<br \/>\nLa couleur bordeaux\/prune donne un c\u00f4t\u00e9 chic, et sophistiqu\u00e9.<br \/>\nLes manches larges fa\u00e7on cape apportent une vraie signature mode \ud83d\udc4c<br \/>\nFabrication italienne<\/p>\n<p>Taille unique convient du 36 au 42 voir petit 44.<\/p>\n","protected":false},"excerpt":{"rendered":"<p>Magnifique cet ensemble \ud83d\ude0d Le haut et une cape r\u00e9glable avec un ruban \u00e0 nouer. La coupe est fluide, \u00e9l\u00e9gante et tr\u00e8s affirm\u00e9e. La couleur bordeaux\/prune donne un c\u00f4t\u00e9 chic, et sophistiqu\u00e9. Les manches larges fa\u00e7on cape apportent une vraie signature mode \ud83d\udc4c Fabrication italienne Taille unique convient du 36 au 42 voir petit 44.<\/p>\n","protected":false},"featured_media":5288,"comment_status":"open","ping_status":"closed","template":"","meta":[],"product_brand":[],"product_cat":[46,55],"product_tag":[],"class_list":{"0":"post-5256","1":"product","2":"type-product","3":"status-publish","4":"has-post-thumbnail","6":"product_cat-ensembles","7":"product_cat-nouveautes","9":"first","10":"instock","11":"shipping-taxable","12":"purchasable","13":"product-type-simple"},"yoast_head":"<!-- This site is optimized with the Yoast SEO plugin v21.9 - https:\/\/yoast.com\/wordpress\/plugins\/seo\/ -->\n<title>SET DIVA PRUNE - pepitesdemayla.fr<\/title>\n<meta name=\"robots\" content=\"index, follow, max-snippet:-1, max-image-preview:large, max-video-preview:-1\" \/>\n<link rel=\"canonical\" href=\"https:\/\/pepitesdemayla.fr\/?product=set-diva-prune\" \/>\n<meta property=\"og:locale\" content=\"fr_FR\" \/>\n<meta property=\"og:type\" content=\"article\" \/>\n<meta property=\"og:title\" content=\"SET DIVA PRUNE - pepitesdemayla.fr\" \/>\n<meta property=\"og:description\" content=\"Magnifique cet ensemble \ud83d\ude0d Le haut et une cape r\u00e9glable avec un ruban \u00e0 nouer. La coupe est fluide, \u00e9l\u00e9gante et tr\u00e8s affirm\u00e9e. La couleur bordeaux\/prune donne un c\u00f4t\u00e9 chic, et sophistiqu\u00e9. Les manches larges fa\u00e7on cape apportent une vraie signature mode \ud83d\udc4c Fabrication italienne Taille unique convient du 36 au 42 voir petit 44.\" \/>\n<meta property=\"og:url\" content=\"https:\/\/pepitesdemayla.fr\/?product=set-diva-prune\" \/>\n<meta property=\"og:site_name\" content=\"pepitesdemayla.fr\" \/>\n<meta property=\"og:image\" content=\"http:\/\/pepitesdemayla.fr\/wp-content\/uploads\/2026\/03\/1000139685.webp\" \/>\n\t<meta property=\"og:image:width\" content=\"1080\" \/>\n\t<meta property=\"og:image:height\" content=\"1920\" \/>\n\t<meta property=\"og:image:type\" content=\"image\/webp\" \/>\n<meta name=\"twitter:card\" content=\"summary_large_image\" \/>\n<meta name=\"twitter:label1\" content=\"Dur\u00e9e de lecture estim\u00e9e\" \/>\n\t<meta name=\"twitter:data1\" content=\"1 minute\" \/>\n<script type=\"application\/ld+json\" class=\"yoast-schema-graph\">{\"@context\":\"https:\/\/schema.org\",\"@graph\":[{\"@type\":\"WebPage\",\"@id\":\"https:\/\/pepitesdemayla.fr\/?product=set-diva-prune\",\"url\":\"https:\/\/pepitesdemayla.fr\/?product=set-diva-prune\",\"name\":\"SET DIVA PRUNE - pepitesdemayla.fr\",\"isPartOf\":{\"@id\":\"https:\/\/pepitesdemayla.fr\/#website\"},\"datePublished\":\"2026-03-02T19:35:12+00:00\",\"dateModified\":\"2026-03-02T19:35:12+00:00\",\"breadcrumb\":{\"@id\":\"https:\/\/pepitesdemayla.fr\/?product=set-diva-prune#breadcrumb\"},\"inLanguage\":\"fr-FR\",\"potentialAction\":[{\"@type\":\"ReadAction\",\"target\":[\"https:\/\/pepitesdemayla.fr\/?product=set-diva-prune\"]}]},{\"@type\":\"BreadcrumbList\",\"@id\":\"https:\/\/pepitesdemayla.fr\/?product=set-diva-prune#breadcrumb\",\"itemListElement\":[{\"@type\":\"ListItem\",\"position\":1,\"name\":\"Accueil\",\"item\":\"https:\/\/pepitesdemayla.fr\/\"},{\"@type\":\"ListItem\",\"position\":2,\"name\":\"Cat\u00e9gories\",\"item\":\"https:\/\/pepitesdemayla.fr\/?page_id=1680\"},{\"@type\":\"ListItem\",\"position\":3,\"name\":\"SET DIVA PRUNE\"}]},{\"@type\":\"WebSite\",\"@id\":\"https:\/\/pepitesdemayla.fr\/#website\",\"url\":\"https:\/\/pepitesdemayla.fr\/\",\"name\":\"pepitesdemayla.fr\",\"description\":\"\",\"publisher\":{\"@id\":\"https:\/\/pepitesdemayla.fr\/#organization\"},\"potentialAction\":[{\"@type\":\"SearchAction\",\"target\":{\"@type\":\"EntryPoint\",\"urlTemplate\":\"https:\/\/pepitesdemayla.fr\/?s={search_term_string}\"},\"query-input\":\"required name=search_term_string\"}],\"inLanguage\":\"fr-FR\"},{\"@type\":\"Organization\",\"@id\":\"https:\/\/pepitesdemayla.fr\/#organization\",\"name\":\"pepitesdemayla.fr\",\"url\":\"https:\/\/pepitesdemayla.fr\/\",\"logo\":{\"@type\":\"ImageObject\",\"inLanguage\":\"fr-FR\",\"@id\":\"https:\/\/pepitesdemayla.fr\/#\/schema\/logo\/image\/\",\"url\":\"https:\/\/pepitesdemayla.fr\/wp-content\/uploads\/2022\/06\/logo-pepites-de-mayla-remove-sans-fond.png\",\"contentUrl\":\"https:\/\/pepitesdemayla.fr\/wp-content\/uploads\/2022\/06\/logo-pepites-de-mayla-remove-sans-fond.png\",\"width\":500,\"height\":500,\"caption\":\"pepitesdemayla.fr\"},\"image\":{\"@id\":\"https:\/\/pepitesdemayla.fr\/#\/schema\/logo\/image\/\"}}]}<\/script>\n<!-- \/ Yoast SEO plugin. -->","yoast_head_json":{"title":"SET DIVA PRUNE - pepitesdemayla.fr","robots":{"index":"index","follow":"follow","max-snippet":"max-snippet:-1","max-image-preview":"max-image-preview:large","max-video-preview":"max-video-preview:-1"},"canonical":"https:\/\/pepitesdemayla.fr\/?product=set-diva-prune","og_locale":"fr_FR","og_type":"article","og_title":"SET DIVA PRUNE - pepitesdemayla.fr","og_description":"Magnifique cet ensemble \ud83d\ude0d Le haut et une cape r\u00e9glable avec un ruban \u00e0 nouer. La coupe est fluide, \u00e9l\u00e9gante et tr\u00e8s affirm\u00e9e. La couleur bordeaux\/prune donne un c\u00f4t\u00e9 chic, et sophistiqu\u00e9. Les manches larges fa\u00e7on cape apportent une vraie signature mode \ud83d\udc4c Fabrication italienne Taille unique convient du 36 au 42 voir petit 44.","og_url":"https:\/\/pepitesdemayla.fr\/?product=set-diva-prune","og_site_name":"pepitesdemayla.fr","og_image":[{"width":1080,"height":1920,"url":"http:\/\/pepitesdemayla.fr\/wp-content\/uploads\/2026\/03\/1000139685.webp","type":"image\/webp"}],"twitter_card":"summary_large_image","twitter_misc":{"Dur\u00e9e de lecture estim\u00e9e":"1 minute"},"schema":{"@context":"https:\/\/schema.org","@graph":[{"@type":"WebPage","@id":"https:\/\/pepitesdemayla.fr\/?product=set-diva-prune","url":"https:\/\/pepitesdemayla.fr\/?product=set-diva-prune","name":"SET DIVA PRUNE - pepitesdemayla.fr","isPartOf":{"@id":"https:\/\/pepitesdemayla.fr\/#website"},"datePublished":"2026-03-02T19:35:12+00:00","dateModified":"2026-03-02T19:35:12+00:00","breadcrumb":{"@id":"https:\/\/pepitesdemayla.fr\/?product=set-diva-prune#breadcrumb"},"inLanguage":"fr-FR","potentialAction":[{"@type":"ReadAction","target":["https:\/\/pepitesdemayla.fr\/?product=set-diva-prune"]}]},{"@type":"BreadcrumbList","@id":"https:\/\/pepitesdemayla.fr\/?product=set-diva-prune#breadcrumb","itemListElement":[{"@type":"ListItem","position":1,"name":"Accueil","item":"https:\/\/pepitesdemayla.fr\/"},{"@type":"ListItem","position":2,"name":"Cat\u00e9gories","item":"https:\/\/pepitesdemayla.fr\/?page_id=1680"},{"@type":"ListItem","position":3,"name":"SET DIVA PRUNE"}]},{"@type":"WebSite","@id":"https:\/\/pepitesdemayla.fr\/#website","url":"https:\/\/pepitesdemayla.fr\/","name":"pepitesdemayla.fr","description":"","publisher":{"@id":"https:\/\/pepitesdemayla.fr\/#organization"},"potentialAction":[{"@type":"SearchAction","target":{"@type":"EntryPoint","urlTemplate":"https:\/\/pepitesdemayla.fr\/?s={search_term_string}"},"query-input":"required name=search_term_string"}],"inLanguage":"fr-FR"},{"@type":"Organization","@id":"https:\/\/pepitesdemayla.fr\/#organization","name":"pepitesdemayla.fr","url":"https:\/\/pepitesdemayla.fr\/","logo":{"@type":"ImageObject","inLanguage":"fr-FR","@id":"https:\/\/pepitesdemayla.fr\/#\/schema\/logo\/image\/","url":"https:\/\/pepitesdemayla.fr\/wp-content\/uploads\/2022\/06\/logo-pepites-de-mayla-remove-sans-fond.png","contentUrl":"https:\/\/pepitesdemayla.fr\/wp-content\/uploads\/2022\/06\/logo-pepites-de-mayla-remove-sans-fond.png","width":500,"height":500,"caption":"pepitesdemayla.fr"},"image":{"@id":"https:\/\/pepitesdemayla.fr\/#\/schema\/logo\/image\/"}}]}},"_links":{"self":[{"href":"https:\/\/pepitesdemayla.fr\/index.php?rest_route=\/wp\/v2\/product\/5256","targetHints":{"allow":["GET"]}}],"collection":[{"href":"https:\/\/pepitesdemayla.fr\/index.php?rest_route=\/wp\/v2\/product"}],"about":[{"href":"https:\/\/pepitesdemayla.fr\/index.php?rest_route=\/wp\/v2\/types\/product"}],"replies":[{"embeddable":true,"href":"https:\/\/pepitesdemayla.fr\/index.php?rest_route=%2Fwp%2Fv2%2Fcomments&post=5256"}],"wp:featuredmedia":[{"embeddable":true,"href":"https:\/\/pepitesdemayla.fr\/index.php?rest_route=\/wp\/v2\/media\/5288"}],"wp:attachment":[{"href":"https:\/\/pepitesdemayla.fr\/index.php?rest_route=%2Fwp%2Fv2%2Fmedia&parent=5256"}],"wp:term":[{"taxonomy":"product_brand","embeddable":true,"href":"https:\/\/pepitesdemayla.fr\/index.php?rest_route=%2Fwp%2Fv2%2Fproduct_brand&post=5256"},{"taxonomy":"product_cat","embeddable":true,"href":"https:\/\/pepitesdemayla.fr\/index.php?rest_route=%2Fwp%2Fv2%2Fproduct_cat&post=5256"},{"taxonomy":"product_tag","embeddable":true,"href":"https:\/\/pepitesdemayla.fr\/index.php?rest_route=%2Fwp%2Fv2%2Fproduct_tag&post=5256"}],"curies":[{"name":"wp","href":"https:\/\/api.w.org\/{rel}","templated":true}]}}