{"id":5329,"date":"2026-03-02T17:02:38","date_gmt":"2026-03-02T16:02:38","guid":{"rendered":"https:\/\/pepitesdemayla.fr\/?post_type=product&#038;p=5329"},"modified":"2026-05-04T22:51:59","modified_gmt":"2026-05-04T20:51:59","slug":"ensemble-lune-de-satin-jaune-royal","status":"publish","type":"product","link":"https:\/\/pepitesdemayla.fr\/?product=ensemble-lune-de-satin-jaune-royal","title":{"rendered":"ENSEMBLE LUNE DE SATIN JAUNE ROYAL"},"content":{"rendered":"<p data-start=\"216\" data-end=\"251\">Cet ensemble une P\u00e9pite, parfait pour allier confort et \u00e9l\u00e9gance !<\/p>\n<p data-start=\"216\" data-end=\"251\">Mati\u00e8re :\u00a0 Satin doux et l\u00e9ger<\/p>\n<p data-start=\"216\" data-end=\"251\">Haut : Cache coeur, r\u00e9glage par un ruban \u00e0 nouer.<\/p>\n<p data-start=\"254\" data-end=\"312\">Coupe : Fluide, pour un tomb\u00e9 \u00e9l\u00e9gant et confortable.<\/p>\n<p data-start=\"315\" data-end=\"386\">\u00a0Style : Sophistiqu\u00e9 et moderne, parfait pour toutes les occasions.<\/p>\n<p data-start=\"315\" data-end=\"386\">La coupe est fluide, \u00e9l\u00e9gante et tr\u00e8s affirm\u00e9e.<\/p>\n<p data-start=\"315\" data-end=\"386\">Taille unique : convient du S au XL.<\/p>\n","protected":false},"excerpt":{"rendered":"<p>Cet ensemble une P\u00e9pite, parfait pour allier confort et \u00e9l\u00e9gance ! Mati\u00e8re :\u00a0 Satin doux et l\u00e9ger Haut : Cache coeur, r\u00e9glage par un ruban \u00e0 nouer. Coupe : Fluide, pour un tomb\u00e9 \u00e9l\u00e9gant et confortable. \u00a0Style : Sophistiqu\u00e9 et moderne, parfait pour toutes les occasions. La coupe est fluide, \u00e9l\u00e9gante et tr\u00e8s affirm\u00e9e. Taille unique : convient du S au XL.<\/p>\n","protected":false},"featured_media":5273,"comment_status":"open","ping_status":"closed","template":"","meta":[],"product_brand":[],"product_cat":[46,55],"product_tag":[],"class_list":{"0":"post-5329","1":"product","2":"type-product","3":"status-publish","4":"has-post-thumbnail","6":"product_cat-ensembles","7":"product_cat-nouveautes","9":"first","10":"instock","11":"shipping-taxable","12":"purchasable","13":"product-type-simple"},"yoast_head":"<!-- This site is optimized with the Yoast SEO plugin v21.9 - https:\/\/yoast.com\/wordpress\/plugins\/seo\/ -->\n<title>ENSEMBLE LUNE DE SATIN JAUNE ROYAL - pepitesdemayla.fr<\/title>\n<meta name=\"robots\" content=\"index, follow, max-snippet:-1, max-image-preview:large, max-video-preview:-1\" \/>\n<link rel=\"canonical\" href=\"https:\/\/pepitesdemayla.fr\/?product=ensemble-lune-de-satin-jaune-royal\" \/>\n<meta property=\"og:locale\" content=\"fr_FR\" \/>\n<meta property=\"og:type\" content=\"article\" \/>\n<meta property=\"og:title\" content=\"ENSEMBLE LUNE DE SATIN JAUNE ROYAL - pepitesdemayla.fr\" \/>\n<meta property=\"og:description\" content=\"Cet ensemble une P\u00e9pite, parfait pour allier confort et \u00e9l\u00e9gance ! Mati\u00e8re :\u00a0 Satin doux et l\u00e9ger Haut : Cache coeur, r\u00e9glage par un ruban \u00e0 nouer. Coupe : Fluide, pour un tomb\u00e9 \u00e9l\u00e9gant et confortable. \u00a0Style : Sophistiqu\u00e9 et moderne, parfait pour toutes les occasions. La coupe est fluide, \u00e9l\u00e9gante et tr\u00e8s affirm\u00e9e. Taille unique : convient du S au XL.\" \/>\n<meta property=\"og:url\" content=\"https:\/\/pepitesdemayla.fr\/?product=ensemble-lune-de-satin-jaune-royal\" \/>\n<meta property=\"og:site_name\" content=\"pepitesdemayla.fr\" \/>\n<meta property=\"article:modified_time\" content=\"2026-05-04T20:51:59+00:00\" \/>\n<meta property=\"og:image\" content=\"http:\/\/pepitesdemayla.fr\/wp-content\/uploads\/2026\/03\/1000139647.webp\" \/>\n\t<meta property=\"og:image:width\" content=\"1080\" \/>\n\t<meta property=\"og:image:height\" content=\"1920\" \/>\n\t<meta property=\"og:image:type\" content=\"image\/webp\" \/>\n<meta name=\"twitter:card\" content=\"summary_large_image\" \/>\n<meta name=\"twitter:label1\" content=\"Dur\u00e9e de lecture estim\u00e9e\" \/>\n\t<meta name=\"twitter:data1\" content=\"1 minute\" \/>\n<script type=\"application\/ld+json\" class=\"yoast-schema-graph\">{\"@context\":\"https:\/\/schema.org\",\"@graph\":[{\"@type\":\"WebPage\",\"@id\":\"https:\/\/pepitesdemayla.fr\/?product=ensemble-lune-de-satin-jaune-royal\",\"url\":\"https:\/\/pepitesdemayla.fr\/?product=ensemble-lune-de-satin-jaune-royal\",\"name\":\"ENSEMBLE LUNE DE SATIN JAUNE ROYAL - pepitesdemayla.fr\",\"isPartOf\":{\"@id\":\"https:\/\/pepitesdemayla.fr\/#website\"},\"datePublished\":\"2026-03-02T16:02:38+00:00\",\"dateModified\":\"2026-05-04T20:51:59+00:00\",\"breadcrumb\":{\"@id\":\"https:\/\/pepitesdemayla.fr\/?product=ensemble-lune-de-satin-jaune-royal#breadcrumb\"},\"inLanguage\":\"fr-FR\",\"potentialAction\":[{\"@type\":\"ReadAction\",\"target\":[\"https:\/\/pepitesdemayla.fr\/?product=ensemble-lune-de-satin-jaune-royal\"]}]},{\"@type\":\"BreadcrumbList\",\"@id\":\"https:\/\/pepitesdemayla.fr\/?product=ensemble-lune-de-satin-jaune-royal#breadcrumb\",\"itemListElement\":[{\"@type\":\"ListItem\",\"position\":1,\"name\":\"Accueil\",\"item\":\"https:\/\/pepitesdemayla.fr\/\"},{\"@type\":\"ListItem\",\"position\":2,\"name\":\"Cat\u00e9gories\",\"item\":\"https:\/\/pepitesdemayla.fr\/?page_id=1680\"},{\"@type\":\"ListItem\",\"position\":3,\"name\":\"ENSEMBLE LUNE DE SATIN JAUNE ROYAL\"}]},{\"@type\":\"WebSite\",\"@id\":\"https:\/\/pepitesdemayla.fr\/#website\",\"url\":\"https:\/\/pepitesdemayla.fr\/\",\"name\":\"pepitesdemayla.fr\",\"description\":\"\",\"publisher\":{\"@id\":\"https:\/\/pepitesdemayla.fr\/#organization\"},\"potentialAction\":[{\"@type\":\"SearchAction\",\"target\":{\"@type\":\"EntryPoint\",\"urlTemplate\":\"https:\/\/pepitesdemayla.fr\/?s={search_term_string}\"},\"query-input\":\"required name=search_term_string\"}],\"inLanguage\":\"fr-FR\"},{\"@type\":\"Organization\",\"@id\":\"https:\/\/pepitesdemayla.fr\/#organization\",\"name\":\"pepitesdemayla.fr\",\"url\":\"https:\/\/pepitesdemayla.fr\/\",\"logo\":{\"@type\":\"ImageObject\",\"inLanguage\":\"fr-FR\",\"@id\":\"https:\/\/pepitesdemayla.fr\/#\/schema\/logo\/image\/\",\"url\":\"https:\/\/pepitesdemayla.fr\/wp-content\/uploads\/2022\/06\/logo-pepites-de-mayla-remove-sans-fond.png\",\"contentUrl\":\"https:\/\/pepitesdemayla.fr\/wp-content\/uploads\/2022\/06\/logo-pepites-de-mayla-remove-sans-fond.png\",\"width\":500,\"height\":500,\"caption\":\"pepitesdemayla.fr\"},\"image\":{\"@id\":\"https:\/\/pepitesdemayla.fr\/#\/schema\/logo\/image\/\"}}]}<\/script>\n<!-- \/ Yoast SEO plugin. -->","yoast_head_json":{"title":"ENSEMBLE LUNE DE SATIN JAUNE ROYAL - pepitesdemayla.fr","robots":{"index":"index","follow":"follow","max-snippet":"max-snippet:-1","max-image-preview":"max-image-preview:large","max-video-preview":"max-video-preview:-1"},"canonical":"https:\/\/pepitesdemayla.fr\/?product=ensemble-lune-de-satin-jaune-royal","og_locale":"fr_FR","og_type":"article","og_title":"ENSEMBLE LUNE DE SATIN JAUNE ROYAL - pepitesdemayla.fr","og_description":"Cet ensemble une P\u00e9pite, parfait pour allier confort et \u00e9l\u00e9gance ! Mati\u00e8re :\u00a0 Satin doux et l\u00e9ger Haut : Cache coeur, r\u00e9glage par un ruban \u00e0 nouer. Coupe : Fluide, pour un tomb\u00e9 \u00e9l\u00e9gant et confortable. \u00a0Style : Sophistiqu\u00e9 et moderne, parfait pour toutes les occasions. La coupe est fluide, \u00e9l\u00e9gante et tr\u00e8s affirm\u00e9e. Taille unique : convient du S au XL.","og_url":"https:\/\/pepitesdemayla.fr\/?product=ensemble-lune-de-satin-jaune-royal","og_site_name":"pepitesdemayla.fr","article_modified_time":"2026-05-04T20:51:59+00:00","og_image":[{"width":1080,"height":1920,"url":"http:\/\/pepitesdemayla.fr\/wp-content\/uploads\/2026\/03\/1000139647.webp","type":"image\/webp"}],"twitter_card":"summary_large_image","twitter_misc":{"Dur\u00e9e de lecture estim\u00e9e":"1 minute"},"schema":{"@context":"https:\/\/schema.org","@graph":[{"@type":"WebPage","@id":"https:\/\/pepitesdemayla.fr\/?product=ensemble-lune-de-satin-jaune-royal","url":"https:\/\/pepitesdemayla.fr\/?product=ensemble-lune-de-satin-jaune-royal","name":"ENSEMBLE LUNE DE SATIN JAUNE ROYAL - pepitesdemayla.fr","isPartOf":{"@id":"https:\/\/pepitesdemayla.fr\/#website"},"datePublished":"2026-03-02T16:02:38+00:00","dateModified":"2026-05-04T20:51:59+00:00","breadcrumb":{"@id":"https:\/\/pepitesdemayla.fr\/?product=ensemble-lune-de-satin-jaune-royal#breadcrumb"},"inLanguage":"fr-FR","potentialAction":[{"@type":"ReadAction","target":["https:\/\/pepitesdemayla.fr\/?product=ensemble-lune-de-satin-jaune-royal"]}]},{"@type":"BreadcrumbList","@id":"https:\/\/pepitesdemayla.fr\/?product=ensemble-lune-de-satin-jaune-royal#breadcrumb","itemListElement":[{"@type":"ListItem","position":1,"name":"Accueil","item":"https:\/\/pepitesdemayla.fr\/"},{"@type":"ListItem","position":2,"name":"Cat\u00e9gories","item":"https:\/\/pepitesdemayla.fr\/?page_id=1680"},{"@type":"ListItem","position":3,"name":"ENSEMBLE LUNE DE SATIN JAUNE ROYAL"}]},{"@type":"WebSite","@id":"https:\/\/pepitesdemayla.fr\/#website","url":"https:\/\/pepitesdemayla.fr\/","name":"pepitesdemayla.fr","description":"","publisher":{"@id":"https:\/\/pepitesdemayla.fr\/#organization"},"potentialAction":[{"@type":"SearchAction","target":{"@type":"EntryPoint","urlTemplate":"https:\/\/pepitesdemayla.fr\/?s={search_term_string}"},"query-input":"required name=search_term_string"}],"inLanguage":"fr-FR"},{"@type":"Organization","@id":"https:\/\/pepitesdemayla.fr\/#organization","name":"pepitesdemayla.fr","url":"https:\/\/pepitesdemayla.fr\/","logo":{"@type":"ImageObject","inLanguage":"fr-FR","@id":"https:\/\/pepitesdemayla.fr\/#\/schema\/logo\/image\/","url":"https:\/\/pepitesdemayla.fr\/wp-content\/uploads\/2022\/06\/logo-pepites-de-mayla-remove-sans-fond.png","contentUrl":"https:\/\/pepitesdemayla.fr\/wp-content\/uploads\/2022\/06\/logo-pepites-de-mayla-remove-sans-fond.png","width":500,"height":500,"caption":"pepitesdemayla.fr"},"image":{"@id":"https:\/\/pepitesdemayla.fr\/#\/schema\/logo\/image\/"}}]}},"_links":{"self":[{"href":"https:\/\/pepitesdemayla.fr\/index.php?rest_route=\/wp\/v2\/product\/5329","targetHints":{"allow":["GET"]}}],"collection":[{"href":"https:\/\/pepitesdemayla.fr\/index.php?rest_route=\/wp\/v2\/product"}],"about":[{"href":"https:\/\/pepitesdemayla.fr\/index.php?rest_route=\/wp\/v2\/types\/product"}],"replies":[{"embeddable":true,"href":"https:\/\/pepitesdemayla.fr\/index.php?rest_route=%2Fwp%2Fv2%2Fcomments&post=5329"}],"wp:featuredmedia":[{"embeddable":true,"href":"https:\/\/pepitesdemayla.fr\/index.php?rest_route=\/wp\/v2\/media\/5273"}],"wp:attachment":[{"href":"https:\/\/pepitesdemayla.fr\/index.php?rest_route=%2Fwp%2Fv2%2Fmedia&parent=5329"}],"wp:term":[{"taxonomy":"product_brand","embeddable":true,"href":"https:\/\/pepitesdemayla.fr\/index.php?rest_route=%2Fwp%2Fv2%2Fproduct_brand&post=5329"},{"taxonomy":"product_cat","embeddable":true,"href":"https:\/\/pepitesdemayla.fr\/index.php?rest_route=%2Fwp%2Fv2%2Fproduct_cat&post=5329"},{"taxonomy":"product_tag","embeddable":true,"href":"https:\/\/pepitesdemayla.fr\/index.php?rest_route=%2Fwp%2Fv2%2Fproduct_tag&post=5329"}],"curies":[{"name":"wp","href":"https:\/\/api.w.org\/{rel}","templated":true}]}}