{"id":5334,"date":"2026-03-02T17:22:43","date_gmt":"2026-03-02T16:22:43","guid":{"rendered":"https:\/\/pepitesdemayla.fr\/?post_type=product&#038;p=5334"},"modified":"2026-03-02T20:38:51","modified_gmt":"2026-03-02T19:38:51","slug":"veste-similicuir-rose","status":"publish","type":"product","link":"https:\/\/pepitesdemayla.fr\/?product=veste-similicuir-rose","title":{"rendered":"VESTE SIMILICUIR ROSE"},"content":{"rendered":"<p>Une p\u00e9pite \u2665 cette Veste en similicuir aux manches bouffantes, audacieuse et moderne.<\/p>\n<p>Ourlet arri\u00e8re + allong\u00e9 &#8211; Col Montant avec boutons \u00e0 pressions.<\/p>\n<p>Fermeture au choix zipp\u00e9e ou boutons \u00e0 pression.<\/p>\n<p>Doublure int\u00e9rieure,<\/p>\n<p>Mati\u00e8re plut\u00f4t fine, parfait pour le printemps !<\/p>\n<p>Taille unique : convient du XS au L<\/p>\n","protected":false},"excerpt":{"rendered":"<p>Une p\u00e9pite \u2665 cette Veste en similicuir aux manches bouffantes, audacieuse et moderne. Ourlet arri\u00e8re + allong\u00e9 &#8211; Col Montant avec boutons \u00e0 pressions. Fermeture au choix zipp\u00e9e ou boutons \u00e0 pression. Doublure int\u00e9rieure, Mati\u00e8re plut\u00f4t fine, parfait pour le printemps ! Taille unique : convient du XS au L<\/p>\n","protected":false},"featured_media":5304,"comment_status":"open","ping_status":"closed","template":"","meta":[],"product_brand":[],"product_cat":[49,55],"product_tag":[],"class_list":{"0":"post-5334","1":"product","2":"type-product","3":"status-publish","4":"has-post-thumbnail","6":"product_cat-manteaux-et-vestes","7":"product_cat-nouveautes","9":"first","10":"instock","11":"shipping-taxable","12":"purchasable","13":"product-type-simple"},"yoast_head":"<!-- This site is optimized with the Yoast SEO plugin v21.9 - https:\/\/yoast.com\/wordpress\/plugins\/seo\/ -->\n<title>VESTE SIMILICUIR ROSE - pepitesdemayla.fr<\/title>\n<meta name=\"robots\" content=\"index, follow, max-snippet:-1, max-image-preview:large, max-video-preview:-1\" \/>\n<link rel=\"canonical\" href=\"https:\/\/pepitesdemayla.fr\/?product=veste-similicuir-rose\" \/>\n<meta property=\"og:locale\" content=\"fr_FR\" \/>\n<meta property=\"og:type\" content=\"article\" \/>\n<meta property=\"og:title\" content=\"VESTE SIMILICUIR ROSE - pepitesdemayla.fr\" \/>\n<meta property=\"og:description\" content=\"Une p\u00e9pite \u2665 cette Veste en similicuir aux manches bouffantes, audacieuse et moderne. Ourlet arri\u00e8re + allong\u00e9 &#8211; Col Montant avec boutons \u00e0 pressions. Fermeture au choix zipp\u00e9e ou boutons \u00e0 pression. Doublure int\u00e9rieure, Mati\u00e8re plut\u00f4t fine, parfait pour le printemps ! Taille unique : convient du XS au L\" \/>\n<meta property=\"og:url\" content=\"https:\/\/pepitesdemayla.fr\/?product=veste-similicuir-rose\" \/>\n<meta property=\"og:site_name\" content=\"pepitesdemayla.fr\" \/>\n<meta property=\"article:modified_time\" content=\"2026-03-02T19:38:51+00:00\" \/>\n<meta property=\"og:image\" content=\"http:\/\/pepitesdemayla.fr\/wp-content\/uploads\/2026\/03\/IMG_20260301_120446_504.webp\" \/>\n\t<meta property=\"og:image:width\" content=\"1080\" \/>\n\t<meta property=\"og:image:height\" content=\"1920\" \/>\n\t<meta property=\"og:image:type\" content=\"image\/webp\" \/>\n<meta name=\"twitter:card\" content=\"summary_large_image\" \/>\n<meta name=\"twitter:label1\" content=\"Dur\u00e9e de lecture estim\u00e9e\" \/>\n\t<meta name=\"twitter:data1\" content=\"1 minute\" \/>\n<script type=\"application\/ld+json\" class=\"yoast-schema-graph\">{\"@context\":\"https:\/\/schema.org\",\"@graph\":[{\"@type\":\"WebPage\",\"@id\":\"https:\/\/pepitesdemayla.fr\/?product=veste-similicuir-rose\",\"url\":\"https:\/\/pepitesdemayla.fr\/?product=veste-similicuir-rose\",\"name\":\"VESTE SIMILICUIR ROSE - pepitesdemayla.fr\",\"isPartOf\":{\"@id\":\"https:\/\/pepitesdemayla.fr\/#website\"},\"datePublished\":\"2026-03-02T16:22:43+00:00\",\"dateModified\":\"2026-03-02T19:38:51+00:00\",\"breadcrumb\":{\"@id\":\"https:\/\/pepitesdemayla.fr\/?product=veste-similicuir-rose#breadcrumb\"},\"inLanguage\":\"fr-FR\",\"potentialAction\":[{\"@type\":\"ReadAction\",\"target\":[\"https:\/\/pepitesdemayla.fr\/?product=veste-similicuir-rose\"]}]},{\"@type\":\"BreadcrumbList\",\"@id\":\"https:\/\/pepitesdemayla.fr\/?product=veste-similicuir-rose#breadcrumb\",\"itemListElement\":[{\"@type\":\"ListItem\",\"position\":1,\"name\":\"Accueil\",\"item\":\"https:\/\/pepitesdemayla.fr\/\"},{\"@type\":\"ListItem\",\"position\":2,\"name\":\"Cat\u00e9gories\",\"item\":\"https:\/\/pepitesdemayla.fr\/?page_id=1680\"},{\"@type\":\"ListItem\",\"position\":3,\"name\":\"VESTE SIMILICUIR ROSE\"}]},{\"@type\":\"WebSite\",\"@id\":\"https:\/\/pepitesdemayla.fr\/#website\",\"url\":\"https:\/\/pepitesdemayla.fr\/\",\"name\":\"pepitesdemayla.fr\",\"description\":\"\",\"publisher\":{\"@id\":\"https:\/\/pepitesdemayla.fr\/#organization\"},\"potentialAction\":[{\"@type\":\"SearchAction\",\"target\":{\"@type\":\"EntryPoint\",\"urlTemplate\":\"https:\/\/pepitesdemayla.fr\/?s={search_term_string}\"},\"query-input\":\"required name=search_term_string\"}],\"inLanguage\":\"fr-FR\"},{\"@type\":\"Organization\",\"@id\":\"https:\/\/pepitesdemayla.fr\/#organization\",\"name\":\"pepitesdemayla.fr\",\"url\":\"https:\/\/pepitesdemayla.fr\/\",\"logo\":{\"@type\":\"ImageObject\",\"inLanguage\":\"fr-FR\",\"@id\":\"https:\/\/pepitesdemayla.fr\/#\/schema\/logo\/image\/\",\"url\":\"https:\/\/pepitesdemayla.fr\/wp-content\/uploads\/2022\/06\/logo-pepites-de-mayla-remove-sans-fond.png\",\"contentUrl\":\"https:\/\/pepitesdemayla.fr\/wp-content\/uploads\/2022\/06\/logo-pepites-de-mayla-remove-sans-fond.png\",\"width\":500,\"height\":500,\"caption\":\"pepitesdemayla.fr\"},\"image\":{\"@id\":\"https:\/\/pepitesdemayla.fr\/#\/schema\/logo\/image\/\"}}]}<\/script>\n<!-- \/ Yoast SEO plugin. -->","yoast_head_json":{"title":"VESTE SIMILICUIR ROSE - pepitesdemayla.fr","robots":{"index":"index","follow":"follow","max-snippet":"max-snippet:-1","max-image-preview":"max-image-preview:large","max-video-preview":"max-video-preview:-1"},"canonical":"https:\/\/pepitesdemayla.fr\/?product=veste-similicuir-rose","og_locale":"fr_FR","og_type":"article","og_title":"VESTE SIMILICUIR ROSE - pepitesdemayla.fr","og_description":"Une p\u00e9pite \u2665 cette Veste en similicuir aux manches bouffantes, audacieuse et moderne. Ourlet arri\u00e8re + allong\u00e9 &#8211; Col Montant avec boutons \u00e0 pressions. Fermeture au choix zipp\u00e9e ou boutons \u00e0 pression. Doublure int\u00e9rieure, Mati\u00e8re plut\u00f4t fine, parfait pour le printemps ! Taille unique : convient du XS au L","og_url":"https:\/\/pepitesdemayla.fr\/?product=veste-similicuir-rose","og_site_name":"pepitesdemayla.fr","article_modified_time":"2026-03-02T19:38:51+00:00","og_image":[{"width":1080,"height":1920,"url":"http:\/\/pepitesdemayla.fr\/wp-content\/uploads\/2026\/03\/IMG_20260301_120446_504.webp","type":"image\/webp"}],"twitter_card":"summary_large_image","twitter_misc":{"Dur\u00e9e de lecture estim\u00e9e":"1 minute"},"schema":{"@context":"https:\/\/schema.org","@graph":[{"@type":"WebPage","@id":"https:\/\/pepitesdemayla.fr\/?product=veste-similicuir-rose","url":"https:\/\/pepitesdemayla.fr\/?product=veste-similicuir-rose","name":"VESTE SIMILICUIR ROSE - pepitesdemayla.fr","isPartOf":{"@id":"https:\/\/pepitesdemayla.fr\/#website"},"datePublished":"2026-03-02T16:22:43+00:00","dateModified":"2026-03-02T19:38:51+00:00","breadcrumb":{"@id":"https:\/\/pepitesdemayla.fr\/?product=veste-similicuir-rose#breadcrumb"},"inLanguage":"fr-FR","potentialAction":[{"@type":"ReadAction","target":["https:\/\/pepitesdemayla.fr\/?product=veste-similicuir-rose"]}]},{"@type":"BreadcrumbList","@id":"https:\/\/pepitesdemayla.fr\/?product=veste-similicuir-rose#breadcrumb","itemListElement":[{"@type":"ListItem","position":1,"name":"Accueil","item":"https:\/\/pepitesdemayla.fr\/"},{"@type":"ListItem","position":2,"name":"Cat\u00e9gories","item":"https:\/\/pepitesdemayla.fr\/?page_id=1680"},{"@type":"ListItem","position":3,"name":"VESTE SIMILICUIR ROSE"}]},{"@type":"WebSite","@id":"https:\/\/pepitesdemayla.fr\/#website","url":"https:\/\/pepitesdemayla.fr\/","name":"pepitesdemayla.fr","description":"","publisher":{"@id":"https:\/\/pepitesdemayla.fr\/#organization"},"potentialAction":[{"@type":"SearchAction","target":{"@type":"EntryPoint","urlTemplate":"https:\/\/pepitesdemayla.fr\/?s={search_term_string}"},"query-input":"required name=search_term_string"}],"inLanguage":"fr-FR"},{"@type":"Organization","@id":"https:\/\/pepitesdemayla.fr\/#organization","name":"pepitesdemayla.fr","url":"https:\/\/pepitesdemayla.fr\/","logo":{"@type":"ImageObject","inLanguage":"fr-FR","@id":"https:\/\/pepitesdemayla.fr\/#\/schema\/logo\/image\/","url":"https:\/\/pepitesdemayla.fr\/wp-content\/uploads\/2022\/06\/logo-pepites-de-mayla-remove-sans-fond.png","contentUrl":"https:\/\/pepitesdemayla.fr\/wp-content\/uploads\/2022\/06\/logo-pepites-de-mayla-remove-sans-fond.png","width":500,"height":500,"caption":"pepitesdemayla.fr"},"image":{"@id":"https:\/\/pepitesdemayla.fr\/#\/schema\/logo\/image\/"}}]}},"_links":{"self":[{"href":"https:\/\/pepitesdemayla.fr\/index.php?rest_route=\/wp\/v2\/product\/5334","targetHints":{"allow":["GET"]}}],"collection":[{"href":"https:\/\/pepitesdemayla.fr\/index.php?rest_route=\/wp\/v2\/product"}],"about":[{"href":"https:\/\/pepitesdemayla.fr\/index.php?rest_route=\/wp\/v2\/types\/product"}],"replies":[{"embeddable":true,"href":"https:\/\/pepitesdemayla.fr\/index.php?rest_route=%2Fwp%2Fv2%2Fcomments&post=5334"}],"wp:featuredmedia":[{"embeddable":true,"href":"https:\/\/pepitesdemayla.fr\/index.php?rest_route=\/wp\/v2\/media\/5304"}],"wp:attachment":[{"href":"https:\/\/pepitesdemayla.fr\/index.php?rest_route=%2Fwp%2Fv2%2Fmedia&parent=5334"}],"wp:term":[{"taxonomy":"product_brand","embeddable":true,"href":"https:\/\/pepitesdemayla.fr\/index.php?rest_route=%2Fwp%2Fv2%2Fproduct_brand&post=5334"},{"taxonomy":"product_cat","embeddable":true,"href":"https:\/\/pepitesdemayla.fr\/index.php?rest_route=%2Fwp%2Fv2%2Fproduct_cat&post=5334"},{"taxonomy":"product_tag","embeddable":true,"href":"https:\/\/pepitesdemayla.fr\/index.php?rest_route=%2Fwp%2Fv2%2Fproduct_tag&post=5334"}],"curies":[{"name":"wp","href":"https:\/\/api.w.org\/{rel}","templated":true}]}}